{"id":1199,"date":"2020-01-17T16:57:43","date_gmt":"2020-01-17T16:57:43","guid":{"rendered":"http:\/\/www.veranos.ugto.mx\/?page_id=1199"},"modified":"2022-02-04T23:09:43","modified_gmt":"2022-02-04T23:09:43","slug":"preguntas-frecuentes","status":"publish","type":"page","link":"http:\/\/veranos.ugto.mx\/?page_id=1199","title":{"rendered":"Preguntas Frecuentes"},"content":{"rendered":"<p>[vc_row][vc_column][vc_empty_space height=&#8221;50&#8243;][\/vc_column][\/vc_row][vc_row full_height=&#8221;yes&#8221; columns_placement=&#8221;top&#8221;][vc_column][vc_toggle title=&#8221;Profesores&#8221;]<\/p>\n<p style=\"text-align: left;\"><strong>\u00bfEn cuantos proyectos puede participar un profesor\/a?<\/strong><\/p>\n<p style=\"text-align: left;\">Los y las profesoras UG solo pueden participar en un solo proyecto, ya sea de forma individual o en colaboraci\u00f3n con otro(a) profesor(a).<\/p>\n<p style=\"text-align: left;\">Cuando registran un proyecto en colaboraci\u00f3n con otro profesor(a), ambos(as) tienen los mismo derechos y responsabilidades dentro del proyecto y ambos(as) reciben constancia de asesor(a).<\/p>\n<p style=\"text-align: left;\"><strong>\u00bfEs necesario registrar el proyecto entre dos profesores(as)?<\/strong><\/p>\n<p style=\"text-align: left;\">No es un requisito registrar un proyecto en colaboraci\u00f3n con otro(a) profesor(a), pueden hacerlo tambi\u00e9n de manera individual.<\/p>\n<p style=\"text-align: left;\"><strong>\u00bfD\u00f3nde se hace el registro para participar en el Verano de la Ciencia?<\/strong><\/p>\n<p style=\"text-align: left;\">Para registrarte en el Verano debe ingresar a https:\/\/intraug.ugto.mx con su usuario (correo institucional) y contrase\u00f1a, ir al perfil de Acad\u00e9mico y seleccionar el m\u00f3dulo de Verano de la Ciencia.<\/p>\n<p style=\"text-align: left;\"><strong>\u00bfC\u00f3mo es el proceso de registro de un proyecto?<\/strong><\/p>\n<p style=\"text-align: left;\">Se ingresa al modulo de veranos<br \/>\nSe selecciona la opci\u00f3n de registrar un nuevo proyecto<br \/>\nSe registran los datos del profesor(a) y en caso de hacerlo en colaboraci\u00f3n con otro profesor(a) se debe seleccionar la opci\u00f3n de \u201cRegistrar un profesor corresponsable\u201d y agregar sus datos.<br \/>\nSe registra la informaci\u00f3n del proyecto<br \/>\nUna vez que esta terminado se selecciona la opci\u00f3n de \u201cfinalizar y enviar\u201d.<\/p>\n<p style=\"text-align: left;\"><strong>\u00bfSe puede integrar un profesor(a) de otra instituci\u00f3n o estudiante de posgrado en el proyecto de verano de la ciencia?<\/strong><\/p>\n<p style=\"text-align: left;\">No, el programa de verano est\u00e1 dirigido \u00fanicamente a profesores de la UG y estudiantes del NMS de la UG o licenciatura de alguna instituci\u00f3n del pa\u00eds o el extranjero.<\/p>\n<p style=\"text-align: left;\"><strong>\u00bfC\u00f3mo se env\u00eda un proyecto para que sea validado por la Coordinaci\u00f3n del Verano?<\/strong><\/p>\n<p style=\"text-align: left;\">Cuando un profesor(a) hace un registro y desea enviar a validaci\u00f3n debe asegurarse de presionar la opci\u00f3n de finalizar y enviar; de lo contrario no lo podr\u00e1n recibir en la coordinaci\u00f3n de veranos.<\/p>\n<p style=\"text-align: left;\">En esta bandeja los profesores pueden guardar los cambios de su proyecto (esta opci\u00f3n es por si a\u00fan no lo quieren enviar y desean seguir editando en otro momento), cuando guardan los cambios solo el profesor puede ver la informaci\u00f3n. La coordinaci\u00f3n del verano no puede ver los proyectos guardados, solo cuando presionan el bot\u00f3n de finalizar y env\u00edan est\u00e1 disponible para la coordinaci\u00f3n.<\/p>\n<p style=\"text-align: left;\"><strong>\u00bfCu\u00e1ntos estudiantes debe tener cada equipo?<\/strong><\/p>\n<p style=\"text-align: left;\">El profesor(a) o profesores(as) debe conformar un equipo de m\u00ednimo tres y m\u00e1ximo seis estudiantes, pueden ser estudiantes UG o externos.<\/p>\n<p style=\"text-align: left;\"><strong>\u00bfC\u00f3mo es el proceso de aceptaci\u00f3n de estudiantes?<\/strong><\/p>\n<p style=\"text-align: left;\">Los profesores deber\u00e1n incluir sus datos de contacto cuando registren el proyecto, de esta forma los estudiantes interesado se pondr\u00e1n en contacto con los profesores y ellos ser\u00e1n los encargados de decidir si cubren los requisitos para integrarse en el equipo.<\/p>\n<p style=\"text-align: left;\">Una vez que los profesores informen por correo a los estudiantes que son aceptados, los estudiantes deber\u00e1n hacer un registro en la plataforma de Veranos en Intraug, seleccionando el proyecto donde han sido aceptados y posteriormente el profesor los valida en la plataforma.<\/p>\n<p style=\"text-align: left;\">*En caso de ser un proyecto registrado por dos profesores ambos contar\u00e1n con los mismos derechos en la plataforma, solo se pide tener mucha comunicaci\u00f3n y realizar cada proceso juntos.<\/p>\n<p style=\"text-align: left;\"><strong>\u00bfUna vez que se acepta a los estudiantes se debe hacer un plan de trabajo?<\/strong><\/p>\n<p style=\"text-align: left;\">No, el proyecto que pasar\u00e1 a evaluaci\u00f3n es el que registr\u00f3 el profesor al inicio del proceso, una vez que termine el proceso de aceptaci\u00f3n de estudiantes la coordinaci\u00f3n de veranos enviar\u00e1 los proyectos al Comit\u00e9 Evaluador.<\/p>\n<p style=\"text-align: left;\"><strong>\u00bfQu\u00e9 proyectos pueden realizar el verano?<\/strong><\/p>\n<p style=\"text-align: left;\">Solo los proyectos que son aceptados por el Comit\u00e9 Acad\u00e9mico pueden desarrollar el verano. La publicaci\u00f3n de resultados es el 3 de mayo en la plataforma de IntraUG, p\u00e1gina web de veranos y FB de Veranos UG.<\/p>\n<p style=\"text-align: left;\"><strong>\u00bfQui\u00e9n debe elaborar los productos del verano?<\/strong><\/p>\n<p style=\"text-align: left;\">Los productos los deben elaborar el equipo registrado en la plataforma de verano en IntraUG, no se puede incluir a otro profesor(a) o estudiante que no este registrado en el programa.<\/p>\n<p style=\"text-align: left;\"><strong>\u00bfA d\u00f3nde se env\u00edan los productos generados en el Veranos?<\/strong><\/p>\n<p style=\"text-align: left;\">La coordinaci\u00f3n de veranos informar\u00e1 el medio para entregar los productos elaborados durante la investigaci\u00f3n.<\/p>\n<p style=\"text-align: left;\"><strong>\u00bfD\u00f3nde se obtiene la constancia de participaci\u00f3n del Verano?<\/strong><\/p>\n<p style=\"text-align: left;\">La constancia se descarga de la plataforma en Intraug, una vez que se ingresa al m\u00f3dulo de Verano, ubicar\u00e1 la opci\u00f3n en el men\u00fa.<\/p>\n<p style=\"text-align: left;\"><strong>\u00bfEn qu\u00e9 fecha se puede descargar la constancia del Verano?<\/strong><\/p>\n<p style=\"text-align: left;\">La constancia se podr\u00e1 descargar del 4 de agosto al 31 de diciembre 2022.<\/p>\n<p style=\"text-align: left;\"><strong>\u00bfD\u00f3nde encuentro el men\u00fa en Intraug?<\/strong><\/p>\n<p style=\"text-align: left;\">El men\u00fa se encuentra en la parte superior izquierda, es el recuadro blanco con tres l\u00edneas negras en horizontal.<\/p>\n<p>[\/vc_toggle][vc_toggle title=&#8221;Estudiantes&#8221;]<\/p>\n<p style=\"text-align: left;\"><strong>\u00bfD\u00f3nde puedo consultar los proyectos de Veranos?<\/strong><\/p>\n<p style=\"text-align: left;\">Los proyectos se pueden consultar en la p\u00e1gina de inicio de IntraUG (en los banners que se muestran antes de iniciar sesi\u00f3n) o en la pantalla principal de la p\u00e1gina web de Veranos.<\/p>\n<p style=\"text-align: left;\"><strong>\u00bfQu\u00e9 debo hacer si quiero participar en el Verano de la Ciencia?<\/strong><\/p>\n<p style=\"text-align: left;\">Los y las estudiantes deber\u00e1n ponerse en contacto con el o los profesores a cargo del proyecto que est\u00e9n interesados, ellos indicar\u00e1n los requisitos para formar parte del equipo y si son aceptados en el proyecto deber\u00e1n realizar su registro en https:\/\/intraug.ugto.mx iniciando sesi\u00f3n con su correo institucional y contrase\u00f1a, ir al perfil de estudiante y seleccionar el m\u00f3dulo de Verano de la Ciencia.<\/p>\n<p style=\"text-align: left;\">Una vez que se encuentren en el modulo de Veranos, los y las estudiantes deber\u00e1n llenar el formulario de datos personales y acad\u00e9micos y seleccionar el proyecto en el que han sido aceptados. Posteriormente el profesor los validar\u00e1 por medio de la plataforma.<\/p>\n<p style=\"text-align: left;\"><strong>\u00bfA cu\u00e1ntos proyectos puede postular un estudiante?<\/strong><\/p>\n<p style=\"text-align: left;\">Los y las estudiantes se pueden poner en contacto solo con un profesor si este no les responde o no los acepta en el proyecto puede continuar escribiendo a otros profesores hasta ser aceptados.<\/p>\n<p style=\"text-align: left;\">Se recomienda no escribir a varios profesores al mismo tiempo para evitar que ambos los acepten y generar confusiones, en caso de que esto pase el estudiante deber\u00e1 informar al profesor el proyecto en el que participar\u00e1 el cual deber\u00e1n seleccionar en la plataforma.<\/p>\n<p style=\"text-align: left;\"><strong>\u00bfSe pueden seleccionar varios proyectos en la plataforma de Intraug?<\/strong><\/p>\n<p style=\"text-align: left;\">No, los y las estudiantes que realicen el registro en l\u00ednea deben ser aquellos que ya fueron aceptados por un profesor y es el \u00fanico proyecto que deber\u00e1n seleccionar en la plataforma.<\/p>\n<p style=\"text-align: left;\"><strong>\u00bfQu\u00e9 debe hacer el estudiante una vez que fue aceptado en un proyecto y concluy\u00f3 el registro en la plataforma de Intrug?<\/strong><\/p>\n<p style=\"text-align: left;\">Una vez que se concluye la aceptaci\u00f3n de estudiantes (el 17 de marzo) la coordinaci\u00f3n de veranos env\u00eda los proyectos al Comit\u00e9 Acad\u00e9mico para su evaluaci\u00f3n.<\/p>\n<p style=\"text-align: left;\">Una vez que el Comit\u00e9 Acad\u00e9mico dictamina los trabajos se publican los resultados donde se anuncian los proyectos que se podr\u00e1n llevar a cabo en el periodo de Verano.<\/p>\n<p style=\"text-align: left;\"><strong>\u00bfCu\u00e1ndo se realiza el tr\u00e1mite de beca?<\/strong><\/p>\n<p style=\"text-align: left;\">El periodo para el tramite de beca es del 25 al 29 de abril y solo los estudiantes que se encuentren en proyectos aceptados por el Comit\u00e9 pueden ser acreedores.<\/p>\n<p style=\"text-align: left;\"><strong>\u00bfC\u00f3mo se tramita la beca?<\/strong><\/p>\n<p style=\"text-align: left;\">Las y los estudiantes aceptados deber\u00e1n ingresar al m\u00f3dulo de veranos en intraUG y en el men\u00fa podr\u00e1n encontrar la opci\u00f3n de \u201cformatos descargables\u201d, en ese apartado podr\u00e1n descargar el recibo de beca y en caso de ser menores de edad la carta de autorizaci\u00f3n de padres o tutor legal.<br \/>\nEstos y los dem\u00e1s documentos que se mencionan en la convocatoria se deber\u00e1n entregar en f\u00edsico con los enlaces de Veranos y CAIP de cada campus y ENMS.<\/p>\n<p style=\"text-align: left;\"><strong>Si soy estudiante UG \u00bfd\u00f3nde me puedo dar de alta en el sistema financiero?<\/strong><\/p>\n<p style=\"text-align: left;\">Para darte de alta en el sistema financiero, debes acudir con el enlace administrativo de tu sede llevando el estado de cuenta al que deseas que se te deposite la beca.<\/p>\n<p style=\"text-align: left;\">Los estudiantes menores de edad deber\u00e1n registrar la cuenta de la persona que firm\u00f3 su carta de autorizaci\u00f3n.<\/p>\n<p style=\"text-align: left;\"><strong>\u00bfSi no estoy interesado en la beca qu\u00e9 debo hacer?<\/strong><\/p>\n<p style=\"text-align: left;\">Si un o una estudiante no necesita el apoyo de beca debe seleccionar la opci\u00f3n de abeja solidaria en el apartado de \u201cbeca\u201d en IntraUG.<\/p>\n<p style=\"text-align: left;\">*Si un estudiante no realiza esta acci\u00f3n y tampoco entrega los documentos de la beca corre el riesgo de ser dado de baja del programa.<\/p>\n<p style=\"text-align: left;\"><strong>\u00bfA d\u00f3nde se env\u00edan los productos generados en el Veranos?<\/strong><\/p>\n<p style=\"text-align: left;\">La coordinaci\u00f3n de veranos informar\u00e1 el medio para entregar los productos elaborados durante la investigaci\u00f3n.<\/p>\n<p style=\"text-align: left;\"><strong>\u00bfD\u00f3nde se obtiene la constancia de participaci\u00f3n del Verano?<\/strong><\/p>\n<p style=\"text-align: left;\">La constancia se descarga de la plataforma de Intraug, una vez que se ingresa al m\u00f3dulo de Verano ubicar\u00e1 la opci\u00f3n en el men\u00fa.<\/p>\n<p style=\"text-align: left;\"><strong>\u00bfEn qu\u00e9 fecha se puede descargar la constancia de veranos?<\/strong><\/p>\n<p style=\"text-align: left;\">La constancia se podr\u00e1 descargar del 4 de agosto al 31 de diciembre 2022.<\/p>\n<p style=\"text-align: left;\"><strong>\u00bfD\u00f3nde encuentro el men\u00fa en intraug?<\/strong><\/p>\n<p style=\"text-align: left;\">El men\u00fa se encuentra en la parte superior izquierda, es el recuadro blanco con tres l\u00edneas negras en horizontal.<\/p>\n<p>[\/vc_toggle][\/vc_column][\/vc_row][vc_row][vc_column][vc_empty_space height=&#8221;50&#8243;][\/vc_column][\/vc_row]<\/p>\n","protected":false},"excerpt":{"rendered":"<p>[vc_row][vc_column][vc_empty_space height=&#8221;50&#8243;][\/vc_column][\/vc_row][vc_row full_height=&#8221;yes&#8221; columns_placement=&#8221;top&#8221;][vc_column][vc_toggle title=&#8221;Profesores&#8221;] \u00bfEn cuantos proyectos puede participar un profesor\/a? Los y las profesoras UG solo pueden participar en un solo proyecto, ya sea de forma individual o en colaboraci\u00f3n con otro(a) profesor(a). Cuando registran un proyecto en colaboraci\u00f3n con otro profesor(a), ambos(as) tienen los mismo derechos y responsabilidades dentro del proyecto y [&hellip;]<\/p>\n","protected":false},"author":1,"featured_media":0,"parent":0,"menu_order":0,"comment_status":"closed","ping_status":"closed","template":"","meta":{"footnotes":""},"_links":{"self":[{"href":"http:\/\/veranos.ugto.mx\/index.php?rest_route=\/wp\/v2\/pages\/1199"}],"collection":[{"href":"http:\/\/veranos.ugto.mx\/index.php?rest_route=\/wp\/v2\/pages"}],"about":[{"href":"http:\/\/veranos.ugto.mx\/index.php?rest_route=\/wp\/v2\/types\/page"}],"author":[{"embeddable":true,"href":"http:\/\/veranos.ugto.mx\/index.php?rest_route=\/wp\/v2\/users\/1"}],"replies":[{"embeddable":true,"href":"http:\/\/veranos.ugto.mx\/index.php?rest_route=%2Fwp%2Fv2%2Fcomments&post=1199"}],"version-history":[{"count":0,"href":"http:\/\/veranos.ugto.mx\/index.php?rest_route=\/wp\/v2\/pages\/1199\/revisions"}],"wp:attachment":[{"href":"http:\/\/veranos.ugto.mx\/index.php?rest_route=%2Fwp%2Fv2%2Fmedia&parent=1199"}],"curies":[{"name":"wp","href":"https:\/\/api.w.org\/{rel}","templated":true}]}}