{"id":2214,"date":"2021-09-17T19:18:37","date_gmt":"2021-09-17T19:18:37","guid":{"rendered":"http:\/\/www.veranos.ugto.mx\/?page_id=2214"},"modified":"2021-09-17T19:18:37","modified_gmt":"2021-09-17T19:18:37","slug":"links","status":"publish","type":"page","link":"http:\/\/veranos.ugto.mx\/?page_id=2214","title":{"rendered":"Links"},"content":{"rendered":"<p>[vc_row][vc_column width=&#8221;1\/4&#8243;][vc_empty_space][\/vc_column][vc_column width=&#8221;3\/4&#8243;][vc_empty_space][vc_column_text]<\/p>\n<ul>\n<li><a href=\"https:\/\/dramaturgiaguanajuatense.blogspot.com\/\">Panorama de la dramaturgia guanajuatense actual<\/a><\/li>\n<li><a href=\"https:\/\/sites.google.com\/view\/dohad-ug\/inicio?authuser=0\">Developmental Origins of Health and Disease. (google.com)<\/a><\/li>\n<li><a href=\"https:\/\/wadup.cloud\/revista-digital\/filosofia-para-todos\/Salud-mental\">Erick Matadamas<\/a><\/li>\n<li><a href=\"https:\/\/www.facebook.com\/groups\/347235393583964\">EXPOSICI\u00d3N VIRTUAL DE FOTOVOZ: J\u00d3VENES, EDUCACI\u00d3N Y PANDEMIA.<\/a><\/li>\n<li><a href=\"https:\/\/github.com\/ftrujillo36\/VeranoUG2021\">Felipe de Jesus Trujillo Romero<\/a><\/li>\n<li><span style=\"color: #0563c1;\"><u><a href=\"http:\/\/www.di.ugto.mx\/\" target=\"_blank\" rel=\"noopener noreferrer\"><span style=\"font-family: Raleway, serif;\">http:\/\/www.di.ugto.mx\/<\/span><\/a><\/u><\/span><\/li>\n<li><a href=\"https:\/\/instagram.com\/beenformatics?utm_medium=copy_link\">\u201cBeenformatics\u201d<\/a><\/li>\n<li><a href=\"https:\/\/imm.omeka.net\/\">Inventario p\u00fablico con evidencias de la Iconograf\u00eda Musical en M\u00e9xico<\/a><\/li>\n<li><a href=\"https:\/\/imm.omeka.net\/collections\/show\/5\">Colecci\u00f3n \u201cEvidencias de la iconograf\u00eda musical en la obra pict\u00f3rica de Rufino Tamayo (1899-1991)<\/a><\/li>\n<li><a href=\"https:\/\/imm.omeka.net\/collections\/show\/6\">Colecci\u00f3n \u201cIconograf\u00eda musical del compositor mexicano Domingo Lobato (1920-2012\u201d)<\/a><\/li>\n<li><a href=\"https:\/\/earth.google.com\/earth\/d\/19uEcj4KNhLmO7djc9s4iD2GNB80q1Imz?usp=sharing\">Cartograf\u00eda de la \u201cColecci\u00f3n fotogr\u00e1fica de la Familia Quintero Gonz\u00e1lez\u201d:<\/a><\/li>\n<li><a href=\"https:\/\/sway.office.com\/JKEdb5WLanap6dH9?ref=Link\">Taller Dr. Eduardo Vidaurri<\/a><\/li>\n<\/ul>\n<p>[\/vc_column_text][\/vc_column][\/vc_row]<\/p>\n","protected":false},"excerpt":{"rendered":"<p>[vc_row][vc_column width=&#8221;1\/4&#8243;][vc_empty_space][\/vc_column][vc_column width=&#8221;3\/4&#8243;][vc_empty_space][vc_column_text] Panorama de la dramaturgia guanajuatense actual Developmental Origins of Health and Disease. (google.com) Erick Matadamas EXPOSICI\u00d3N VIRTUAL DE FOTOVOZ: J\u00d3VENES, EDUCACI\u00d3N Y PANDEMIA. Felipe de Jesus Trujillo Romero http:\/\/www.di.ugto.mx\/ \u201cBeenformatics\u201d Inventario p\u00fablico con evidencias de la Iconograf\u00eda Musical en M\u00e9xico Colecci\u00f3n \u201cEvidencias de la iconograf\u00eda musical en la obra pict\u00f3rica de Rufino [&hellip;]<\/p>\n","protected":false},"author":1,"featured_media":0,"parent":0,"menu_order":0,"comment_status":"closed","ping_status":"closed","template":"","meta":{"footnotes":""},"_links":{"self":[{"href":"http:\/\/veranos.ugto.mx\/index.php?rest_route=\/wp\/v2\/pages\/2214"}],"collection":[{"href":"http:\/\/veranos.ugto.mx\/index.php?rest_route=\/wp\/v2\/pages"}],"about":[{"href":"http:\/\/veranos.ugto.mx\/index.php?rest_route=\/wp\/v2\/types\/page"}],"author":[{"embeddable":true,"href":"http:\/\/veranos.ugto.mx\/index.php?rest_route=\/wp\/v2\/users\/1"}],"replies":[{"embeddable":true,"href":"http:\/\/veranos.ugto.mx\/index.php?rest_route=%2Fwp%2Fv2%2Fcomments&post=2214"}],"version-history":[{"count":0,"href":"http:\/\/veranos.ugto.mx\/index.php?rest_route=\/wp\/v2\/pages\/2214\/revisions"}],"wp:attachment":[{"href":"http:\/\/veranos.ugto.mx\/index.php?rest_route=%2Fwp%2Fv2%2Fmedia&parent=2214"}],"curies":[{"name":"wp","href":"https:\/\/api.w.org\/{rel}","templated":true}]}}