{"id":3655,"date":"2023-08-06T16:25:19","date_gmt":"2023-08-06T16:25:19","guid":{"rendered":"http:\/\/www.veranos.ugto.mx\/?page_id=3655"},"modified":"2023-09-04T03:25:14","modified_gmt":"2023-09-04T03:25:14","slug":"manuales-2","status":"publish","type":"page","link":"http:\/\/veranos.ugto.mx\/?page_id=3655","title":{"rendered":"Manuales 2023"},"content":{"rendered":"<p>[vc_row][vc_column width=&#8221;1\/4&#8243;][vc_single_image image=&#8221;3773&#8243; img_size=&#8221;full&#8221; alignment=&#8221;right&#8221; onclick=&#8221;custom_link&#8221; link=&#8221;http:\/\/www.veranos.ugto.mx\/wp-content\/uploads\/2023\/09\/1_Manual_Te\u0301cnicas-para-el-manejo-de-Sporothrix_Gustavo-Nin\u0303o_Tannia-Razo.pdf&#8221; label=&#8221;&#8221;][vc_column_text]<\/p>\n<p style=\"text-align: center;\"><strong>Te\u0301cnicas para el manejo de Sporothrix<\/strong><\/p>\n<p style=\"text-align: center;\"><strong>Gustavo Nin\u0303o y Tannia Razo<\/strong><\/p>\n<p style=\"text-align: center;\">Dar clic en la imagen<\/p>\n<p>[\/vc_column_text][\/vc_column][vc_column width=&#8221;1\/4&#8243;][vc_single_image image=&#8221;3773&#8243; img_size=&#8221;full&#8221; alignment=&#8221;right&#8221; onclick=&#8221;custom_link&#8221; link=&#8221;http:\/\/www.veranos.ugto.mx\/wp-content\/uploads\/2023\/09\/Manual-Adan_Topiltzin_Morales_Vargas.pdf&#8221; label=&#8221;&#8221;][vc_column_text]<\/p>\n<p style=\"text-align: center;\"><strong>Manual de mantenimiento del cultivo de Kombucha<\/strong><\/p>\n<p style=\"text-align: center;\"><strong>Adan Topiltzin Morales Vargas<\/strong><\/p>\n<p style=\"text-align: center;\">Dar clic en la imagen<\/p>\n<p>[\/vc_column_text][\/vc_column][vc_column width=&#8221;1\/4&#8243;][vc_single_image image=&#8221;3773&#8243; img_size=&#8221;full&#8221; alignment=&#8221;right&#8221; onclick=&#8221;custom_link&#8221; link=&#8221;http:\/\/www.veranos.ugto.mx\/wp-content\/uploads\/2023\/09\/Manual-de-Alimentacion_-Marisol_Silva_Vera.pdf&#8221; label=&#8221;&#8221;][vc_column_text]<\/p>\n<p style=\"text-align: center;\"><strong>Alimentacion<\/strong><\/p>\n<p style=\"text-align: center;\"><strong>Marisol Silva Vera<\/strong><\/p>\n<p style=\"text-align: center;\">Dar clic en la imagen<\/p>\n<p>[\/vc_column_text][\/vc_column][vc_column width=&#8221;1\/4&#8243;][vc_single_image image=&#8221;3773&#8243; img_size=&#8221;full&#8221; alignment=&#8221;right&#8221; onclick=&#8221;custom_link&#8221; link=&#8221;http:\/\/www.veranos.ugto.mx\/wp-content\/uploads\/2023\/09\/Manual-RSU_Palacios_Herna\u0301ndez_Otoniel.pdf&#8221; label=&#8221;&#8221;][vc_column_text]<\/p>\n<p style=\"text-align: center;\"><strong>RSU<\/strong><\/p>\n<p style=\"text-align: center;\"><strong>Palacios Herna\u0301ndez <\/strong><strong>Otoniel<\/strong><\/p>\n<p style=\"text-align: center;\">Dar clic en la imagen<\/p>\n<p>[\/vc_column_text][\/vc_column][\/vc_row][vc_row][vc_column width=&#8221;1\/4&#8243;][vc_single_image image=&#8221;3773&#8243; img_size=&#8221;full&#8221; alignment=&#8221;right&#8221; onclick=&#8221;custom_link&#8221; link=&#8221;http:\/\/www.veranos.ugto.mx\/wp-content\/uploads\/2023\/09\/Manual_Abel_Herna\u0301ndez_Guerrero.pdf&#8221; label=&#8221;&#8221;][vc_column_text]<\/p>\n<p style=\"text-align: center;\"><strong>Tecnolog\u00eda de refrigeraci\u00f3n de vanguardia para equipos electr\u00f3nicos de alta potencia<\/strong><\/p>\n<p style=\"text-align: center;\"><strong>Abel Herna\u0301ndez Guerrero<\/strong><\/p>\n<p style=\"text-align: center;\">Dar clic en la imagen<\/p>\n<p>[\/vc_column_text][\/vc_column][vc_column width=&#8221;1\/4&#8243;][vc_single_image image=&#8221;3773&#8243; img_size=&#8221;full&#8221; alignment=&#8221;right&#8221; onclick=&#8221;custom_link&#8221; link=&#8221;http:\/\/www.veranos.ugto.mx\/wp-content\/uploads\/2023\/09\/Manual_Carlos_Villase\u0e04or_Mora.pdf&#8221; label=&#8221;&#8221;][vc_column_text]<\/p>\n<p style=\"text-align: center;\"><strong>Protocolo para la compensaci\u00f3n del sistema de iluminaci\u00f3n a LED para una c\u00e1mara de fondo de ojo comercial<\/strong><\/p>\n<p style=\"text-align: center;\"><strong>Carlos Villase\u00f1or <\/strong><strong>Mora<\/strong><\/p>\n<p style=\"text-align: center;\">Dar clic en la imagen<\/p>\n<p>[\/vc_column_text][\/vc_column][vc_column width=&#8221;1\/4&#8243;][vc_single_image image=&#8221;3773&#8243; img_size=&#8221;full&#8221; alignment=&#8221;right&#8221; onclick=&#8221;custom_link&#8221; link=&#8221;http:\/\/www.veranos.ugto.mx\/wp-content\/uploads\/2023\/09\/Manual_Heriberto_Alcocer_Garci\u0301a.pdf&#8221; label=&#8221;&#8221;][vc_column_text]<\/p>\n<p style=\"text-align: center;\"><strong>Construcci\u00f3n de columna de destilaci\u00f3n de Aspen Plus<\/strong><\/p>\n<p style=\"text-align: center;\"><strong>Heriberto Alcocer Garci\u0301a<\/strong><\/p>\n<p style=\"text-align: center;\">Dar clic en la imagen<\/p>\n<p>[\/vc_column_text][\/vc_column][vc_column width=&#8221;1\/4&#8243;][vc_single_image image=&#8221;3773&#8243; img_size=&#8221;full&#8221; alignment=&#8221;right&#8221; onclick=&#8221;custom_link&#8221; link=&#8221;http:\/\/www.veranos.ugto.mx\/wp-content\/uploads\/2023\/09\/Manual_Herlinda_Aguilar_Zavala.pdf&#8221; label=&#8221;&#8221;][vc_column_text]<\/p>\n<p style=\"text-align: center;\"><strong>Terapia Cognitivo conductual <\/strong><\/p>\n<p style=\"text-align: center;\"><strong>Suicibilidad y conducta suicida<\/strong><\/p>\n<p style=\"text-align: center;\"><strong>Herlinda Aguilar Zavala<\/strong><\/p>\n<p style=\"text-align: center;\">Dar clic en la imagen<\/p>\n<p>[\/vc_column_text][\/vc_column][\/vc_row][vc_row][vc_column width=&#8221;1\/4&#8243;][vc_single_image image=&#8221;3773&#8243; img_size=&#8221;full&#8221; alignment=&#8221;right&#8221; onclick=&#8221;custom_link&#8221; link=&#8221;http:\/\/www.veranos.ugto.mx\/wp-content\/uploads\/2023\/09\/Manual_Jesu\u0301s_Eduardo_Castellanos_A\u0301guila.pdf&#8221; label=&#8221;&#8221;][vc_column_text]<\/p>\n<p style=\"text-align: center;\"><strong>Manual de pr\u00e1cticas para Gaussian 09\u00a0<\/strong><\/p>\n<p style=\"text-align: center;\"><strong>Jesu\u0301s Eduardo Castellanos A\u0301guila<\/strong><\/p>\n<p style=\"text-align: center;\">Dar clic en la imagen<\/p>\n<p>[\/vc_column_text][\/vc_column][vc_column width=&#8221;1\/4&#8243;][vc_single_image image=&#8221;3773&#8243; img_size=&#8221;full&#8221; alignment=&#8221;right&#8221; onclick=&#8221;custom_link&#8221; link=&#8221;http:\/\/www.veranos.ugto.mx\/wp-content\/uploads\/2023\/09\/Manual_Jose\u0301_de_Jesu\u0301s_Mora_Rodri\u0301guez.pdf&#8221; label=&#8221;&#8221;][vc_column_text]<\/p>\n<p style=\"text-align: center;\"><strong>Calibraci\u00f3n en EPANET y WATER GEMS para localizar fugas en una red de agua<\/strong><\/p>\n<p style=\"text-align: center;\"><strong>Jose\u0301 de Jesu\u0301s Mora Rodri\u0301guez<\/strong><\/p>\n<p style=\"text-align: center;\">Dar clic en la imagen<\/p>\n<p>[\/vc_column_text][\/vc_column][vc_column width=&#8221;1\/4&#8243;][vc_single_image image=&#8221;3773&#8243; img_size=&#8221;full&#8221; alignment=&#8221;right&#8221; onclick=&#8221;custom_link&#8221; link=&#8221;http:\/\/www.veranos.ugto.mx\/wp-content\/uploads\/2023\/09\/Manual_JoseLuis_Contreras_Hernandez.pdf&#8221; label=&#8221;&#8221;][vc_column_text]<\/p>\n<p style=\"text-align: center;\"><strong>Determinaci\u00f3n de proximidad mediante el an\u00e1lisis estad\u00edstico de im\u00e1genes de profundidad<\/strong><\/p>\n<p style=\"text-align: center;\"><strong>Jos\u00e9 Luis Contreras Hern\u00e1ndez<\/strong><\/p>\n<p style=\"text-align: center;\">Dar clic en la imagen<\/p>\n<p>[\/vc_column_text][\/vc_column][vc_column width=&#8221;1\/4&#8243;][vc_single_image image=&#8221;3773&#8243; img_size=&#8221;full&#8221; alignment=&#8221;right&#8221; onclick=&#8221;custom_link&#8221; link=&#8221;http:\/\/www.veranos.ugto.mx\/wp-content\/uploads\/2023\/09\/Manual_JP_Ramirez_Paredes.pdf&#8221; label=&#8221;&#8221;][vc_column_text]<\/p>\n<p style=\"text-align: center;\"><b>Evasi\u00f3n de obstaculos con un robot m\u00f3vil terrestre usando aprendizaje de refuerzo\u00a0<\/b><\/p>\n<p style=\"text-align: center;\"><strong>JP Ram\u00edrez Paredes<\/strong><\/p>\n<p style=\"text-align: center;\">Dar clic en la imagen<\/p>\n<p>[\/vc_column_text][\/vc_column][\/vc_row][vc_row][vc_column width=&#8221;1\/4&#8243;][vc_single_image image=&#8221;3773&#8243; img_size=&#8221;full&#8221; alignment=&#8221;right&#8221; onclick=&#8221;custom_link&#8221; link=&#8221;http:\/\/www.veranos.ugto.mx\/wp-content\/uploads\/2023\/09\/Manual_Mario_Alberto_Ibarra_Manzano.pdf&#8221; label=&#8221;&#8221;][vc_column_text]<\/p>\n<p style=\"text-align: center;\"><strong>PACMAN<\/strong><\/p>\n<p style=\"text-align: center;\"><strong>Mario Alberto Ibarra Manzano<\/strong><\/p>\n<p style=\"text-align: center;\">Dar clic en la imagen<\/p>\n<p>[\/vc_column_text][\/vc_column][vc_column width=&#8221;1\/4&#8243;][vc_single_image image=&#8221;3773&#8243; img_size=&#8221;full&#8221; alignment=&#8221;right&#8221; onclick=&#8221;custom_link&#8221; link=&#8221;http:\/\/www.veranos.ugto.mx\/wp-content\/uploads\/2023\/09\/Manual_Tecnico_Juan_Carlos_Gomez_Carranza.pdf&#8221; label=&#8221;&#8221;][vc_column_text]<\/p>\n<p class=\"p1\" style=\"text-align: center;\"><strong>Clasificaci\u00f3n tem\u00e1tica y autom\u00e1tica de im\u00e1genes de la red social Pinterest con deep learning<\/strong><\/p>\n<p style=\"text-align: center;\"><strong>Juan Carlos G\u00f3mez Carranza<\/strong><\/p>\n<p style=\"text-align: center;\">Dar clic en la imagen<\/p>\n<p>[\/vc_column_text][\/vc_column][vc_column width=&#8221;1\/4&#8243;][vc_single_image image=&#8221;3773&#8243; img_size=&#8221;full&#8221; alignment=&#8221;right&#8221; onclick=&#8221;custom_link&#8221; link=&#8221;http:\/\/www.veranos.ugto.mx\/wp-content\/uploads\/2023\/09\/MANUAL_VERANO_DE_LA_CIENCIA_UG_2023.docx&#8221; label=&#8221;&#8221;][vc_column_text]<\/p>\n<p style=\"text-align: center;\"><strong>Producci\u00f3n de pl\u00e1ntulas de pimiento morr\u00f3n<\/strong><\/p>\n<p style=\"text-align: center;\"><b>Graciela Mar\u00eda de la Luz Ru\u00edz Aguilar<\/b><\/p>\n<p style=\"text-align: center;\">Dar clic en la imagen<\/p>\n<p>[\/vc_column_text][\/vc_column][vc_column width=&#8221;1\/4&#8243;][vc_single_image image=&#8221;3773&#8243; img_size=&#8221;full&#8221; alignment=&#8221;right&#8221; onclick=&#8221;custom_link&#8221; link=&#8221;http:\/\/www.veranos.ugto.mx\/wp-content\/uploads\/2023\/09\/Manual_ZM3-173_Ma.-Mercedes_Salazar-_Herna\u0301ndez.docx.pdf&#8221; label=&#8221;&#8221;][vc_column_text]<\/p>\n<p style=\"text-align: center;\"><b>Manual del uso del Zeta Meter ZM3-173<\/b><\/p>\n<p style=\"text-align: center;\"><strong>Ma. Mercedes Salazar Herna\u0301ndez<\/strong><\/p>\n<p style=\"text-align: center;\">Dar clic en la imagen<\/p>\n<p>[\/vc_column_text][\/vc_column][\/vc_row][vc_row][vc_column width=&#8221;1\/4&#8243;][vc_single_image image=&#8221;3773&#8243; img_size=&#8221;full&#8221; alignment=&#8221;right&#8221; onclick=&#8221;custom_link&#8221; link=&#8221;http:\/\/www.veranos.ugto.mx\/wp-content\/uploads\/2023\/09\/Manual1_Isabel_Te\u0301llez_Garci\u0301a.pdf&#8221; label=&#8221;&#8221;][vc_column_text]<\/p>\n<p style=\"text-align: center;\"><strong>Libro Pop Up Metarmof\u00f3sis\u00a0<\/strong><\/p>\n<p style=\"text-align: center;\"><strong>Isabel T\u00e9llez Garc\u00eda<\/strong><\/p>\n<p style=\"text-align: center;\">Dar clic en la imagen<\/p>\n<p>[\/vc_column_text][\/vc_column][vc_column width=&#8221;1\/4&#8243;][vc_single_image image=&#8221;3773&#8243; img_size=&#8221;full&#8221; alignment=&#8221;right&#8221; onclick=&#8221;custom_link&#8221; link=&#8221;http:\/\/www.veranos.ugto.mx\/wp-content\/uploads\/2023\/09\/Manual1_Rocio_Alfonsina_Lizarraga_Morales_DiamanteCuadrado.pdf&#8221; label=&#8221;&#8221;][vc_column_text]<\/p>\n<p class=\"p1\" style=\"text-align: center;\"><strong>Primer acercamiento a la generaci\u00f3n procedural de contenido, enfocado en mapas de altura con el algoritmo Diamante Cuadrado<\/strong><\/p>\n<p class=\"p1\" style=\"text-align: center;\"><strong>Rocio Alfonsina Liz\u00e1rraga Morales<\/strong><\/p>\n<p style=\"text-align: center;\">Dar clic en la imagen<\/p>\n<p>[\/vc_column_text][\/vc_column][vc_column width=&#8221;1\/4&#8243;][vc_single_image image=&#8221;3773&#8243; img_size=&#8221;full&#8221; alignment=&#8221;right&#8221; onclick=&#8221;custom_link&#8221; link=&#8221;http:\/\/www.veranos.ugto.mx\/wp-content\/uploads\/2023\/09\/Manual2_Isabel_Te\u0301llez_Garci\u0301a.pdf&#8221; label=&#8221;&#8221;][vc_column_text]<\/p>\n<p style=\"text-align: center;\"><strong>Libro Pop Up<\/strong><\/p>\n<p style=\"text-align: center;\"><strong>Isabel Te\u0301llez Garci\u0301a<\/strong><\/p>\n<p style=\"text-align: center;\">Dar clic en la imagen<\/p>\n<p>[\/vc_column_text][\/vc_column][vc_column width=&#8221;1\/4&#8243;][vc_single_image image=&#8221;3773&#8243; img_size=&#8221;full&#8221; alignment=&#8221;right&#8221; onclick=&#8221;custom_link&#8221; link=&#8221;http:\/\/www.veranos.ugto.mx\/wp-content\/uploads\/2023\/09\/Manual2_Rocio_Alfonsina_Lizarraga_Morales_LSystems.pdf&#8221; label=&#8221;&#8221;][vc_column_text]<\/p>\n<p class=\"p1\" style=\"text-align: center;\"><b>Generaci\u00f3n de Contenido Procedural: Un acercamiento a los Sistemas Lindenmayer<span class=\"Apple-converted-space\">\u00a0<\/span><\/b><\/p>\n<p style=\"text-align: center;\"><strong>Roc\u00edo Alfonsina Liz\u00e1rraga Morales\u00a0<\/strong><\/p>\n<p style=\"text-align: center;\">Dar clic en la imagen<\/p>\n<p>[\/vc_column_text][\/vc_column][\/vc_row][vc_row][vc_column width=&#8221;1\/4&#8243;][vc_single_image image=&#8221;3773&#8243; img_size=&#8221;full&#8221; alignment=&#8221;right&#8221; onclick=&#8221;custom_link&#8221; link=&#8221;http:\/\/www.veranos.ugto.mx\/wp-content\/uploads\/2023\/09\/Manual3_Isabel_Te\u0301llez_Garci\u0301a.pdf&#8221; label=&#8221;&#8221;][vc_column_text]<\/p>\n<p style=\"text-align: center;\"><b>Mecanismo de Leng\u00fceta<\/b><\/p>\n<p style=\"text-align: center;\"><strong>Isabel T\u00e9llez Garc\u00eda<\/strong><\/p>\n<p style=\"text-align: center;\">Dar clic en la imagen<\/p>\n<p>[\/vc_column_text][\/vc_column][vc_column width=&#8221;1\/4&#8243;][vc_single_image image=&#8221;3773&#8243; img_size=&#8221;full&#8221; alignment=&#8221;right&#8221; onclick=&#8221;custom_link&#8221; link=&#8221;http:\/\/www.veranos.ugto.mx\/wp-content\/uploads\/2023\/09\/Manual4_Rocio_Alfonsina_Lizarraga_Morales_MagicForest.pdf&#8221; label=&#8221;&#8221;][vc_column_text]<\/p>\n<p class=\"p1\" style=\"text-align: center;\"><strong>Magic Forest: Una implementaci\u00f3n de la Wave Function Collapse<\/strong><\/p>\n<p class=\"p1\" style=\"text-align: center;\"><strong>Rocio Alfonsina Liz\u00e1rraga Morales<\/strong><\/p>\n<p style=\"text-align: center;\">Dar clic en la imagen<\/p>\n<p>[\/vc_column_text][\/vc_column][vc_column width=&#8221;1\/4&#8243;][vc_single_image image=&#8221;3773&#8243; img_size=&#8221;full&#8221; alignment=&#8221;right&#8221; onclick=&#8221;custom_link&#8221; link=&#8221;http:\/\/www.veranos.ugto.mx\/wp-content\/uploads\/2023\/09\/Manual3_Rocio_Alfonsina_Lizarraga_Morales_BuscandoDiamante.pdf&#8221; label=&#8221;&#8221;][vc_column_text]<\/p>\n<p class=\"p1\" style=\"text-align: center;\"><b>Generaci\u00f3n de contenido por procedimientos para la creaci\u00f3n de espacios de juego<span class=\"Apple-converted-space\">\u00a0<\/span><\/b><\/p>\n<p style=\"text-align: center;\"><strong>Roc\u00edo Alfonsina Liz\u00e1rraga Morales<\/strong><\/p>\n<p style=\"text-align: center;\">Dar clic en la imagen<\/p>\n<p>[\/vc_column_text][\/vc_column][vc_column width=&#8221;1\/4&#8243;][vc_single_image image=&#8221;3773&#8243; img_size=&#8221;full&#8221; alignment=&#8221;right&#8221; onclick=&#8221;custom_link&#8221; link=&#8221;http:\/\/www.veranos.ugto.mx\/wp-content\/uploads\/2023\/09\/Manual5_Rocio_Alfonsina_Lizarraga_Morales_Calabozos.pdf&#8221; label=&#8221;&#8221;][vc_column_text]<\/p>\n<p class=\"p1\" style=\"text-align: center;\"><strong>Generaci\u00f3n de Contenido por Procedimientos usando Materiales Prefabricados y M\u00f3dulos.<\/strong><\/p>\n<p style=\"text-align: center;\"><strong>Roc\u00edo Alfonsina Liz\u00e1rraga Morales\u00a0<\/strong><\/p>\n<p style=\"text-align: center;\">Dar clic en la imagen<\/p>\n<p>[\/vc_column_text][\/vc_column][\/vc_row]<\/p>\n","protected":false},"excerpt":{"rendered":"<p>[vc_row][vc_column width=&#8221;1\/4&#8243;][vc_single_image image=&#8221;3773&#8243; img_size=&#8221;full&#8221; alignment=&#8221;right&#8221; onclick=&#8221;custom_link&#8221; link=&#8221;http:\/\/www.veranos.ugto.mx\/wp-content\/uploads\/2023\/09\/1_Manual_Te\u0301cnicas-para-el-manejo-de-Sporothrix_Gustavo-Nin\u0303o_Tannia-Razo.pdf&#8221; label=&#8221;&#8221;][vc_column_text] Te\u0301cnicas para el manejo de Sporothrix Gustavo Nin\u0303o y Tannia Razo Dar clic en la imagen [\/vc_column_text][\/vc_column][vc_column width=&#8221;1\/4&#8243;][vc_single_image image=&#8221;3773&#8243; img_size=&#8221;full&#8221; alignment=&#8221;right&#8221; onclick=&#8221;custom_link&#8221; link=&#8221;http:\/\/www.veranos.ugto.mx\/wp-content\/uploads\/2023\/09\/Manual-Adan_Topiltzin_Morales_Vargas.pdf&#8221; label=&#8221;&#8221;][vc_column_text] Manual de mantenimiento del cultivo de Kombucha Adan Topiltzin Morales Vargas Dar clic en la imagen [\/vc_column_text][\/vc_column][vc_column width=&#8221;1\/4&#8243;][vc_single_image image=&#8221;3773&#8243; img_size=&#8221;full&#8221; alignment=&#8221;right&#8221; onclick=&#8221;custom_link&#8221; link=&#8221;http:\/\/www.veranos.ugto.mx\/wp-content\/uploads\/2023\/09\/Manual-de-Alimentacion_-Marisol_Silva_Vera.pdf&#8221; [&hellip;]<\/p>\n","protected":false},"author":1,"featured_media":0,"parent":0,"menu_order":0,"comment_status":"closed","ping_status":"closed","template":"","meta":{"footnotes":""},"_links":{"self":[{"href":"http:\/\/veranos.ugto.mx\/index.php?rest_route=\/wp\/v2\/pages\/3655"}],"collection":[{"href":"http:\/\/veranos.ugto.mx\/index.php?rest_route=\/wp\/v2\/pages"}],"about":[{"href":"http:\/\/veranos.ugto.mx\/index.php?rest_route=\/wp\/v2\/types\/page"}],"author":[{"embeddable":true,"href":"http:\/\/veranos.ugto.mx\/index.php?rest_route=\/wp\/v2\/users\/1"}],"replies":[{"embeddable":true,"href":"http:\/\/veranos.ugto.mx\/index.php?rest_route=%2Fwp%2Fv2%2Fcomments&post=3655"}],"version-history":[{"count":4,"href":"http:\/\/veranos.ugto.mx\/index.php?rest_route=\/wp\/v2\/pages\/3655\/revisions"}],"predecessor-version":[{"id":3799,"href":"http:\/\/veranos.ugto.mx\/index.php?rest_route=\/wp\/v2\/pages\/3655\/revisions\/3799"}],"wp:attachment":[{"href":"http:\/\/veranos.ugto.mx\/index.php?rest_route=%2Fwp%2Fv2%2Fmedia&parent=3655"}],"curies":[{"name":"wp","href":"https:\/\/api.w.org\/{rel}","templated":true}]}}