{"id":3660,"date":"2023-08-06T16:25:19","date_gmt":"2023-08-06T16:25:19","guid":{"rendered":"http:\/\/www.veranos.ugto.mx\/?page_id=3660"},"modified":"2023-09-04T04:11:56","modified_gmt":"2023-09-04T04:11:56","slug":"otros-documentos-3","status":"publish","type":"page","link":"http:\/\/veranos.ugto.mx\/?page_id=3660","title":{"rendered":"Otros documentos"},"content":{"rendered":"<p>[vc_section][vc_row][vc_column width=&#8221;1\/5&#8243;][vc_single_image image=&#8221;3832&#8243; img_size=&#8221;full&#8221; alignment=&#8221;center&#8221; label=&#8221;&#8221;][vc_column_text]<\/p>\n<p style=\"text-align: center;\"><strong>Evaluaci\u00f3n de tratamientos hidrotermales sobre biomasa de tallo de br\u00f3coli para la obtenci\u00f3n de az\u00facares fermentables: una estrategia para incentivar la econom\u00eda circular.<\/strong><\/p>\n<p>[\/vc_column_text][vc_btn title=&#8221;Ver&#8221; style=&#8221;gradient&#8221; align=&#8221;center&#8221; link=&#8221;url:http%3A%2F%2Fwww.veranos.ugto.mx%2Fwp-content%2Fuploads%2F2023%2F09%2FArti%CC%81culo-1-Verano-2023-def.docx|||&#8221;][\/vc_column][vc_column width=&#8221;1\/5&#8243;][vc_single_image image=&#8221;3832&#8243; img_size=&#8221;full&#8221; alignment=&#8221;center&#8221; label=&#8221;&#8221;][vc_column_text]<\/p>\n<p class=\"Ttuloprincipal\" style=\"text-align: center;\"><strong><span lang=\"ES\">Taller de gesti\u00f3n de residuos s\u00f3lidos urbanos<\/span><\/strong><\/p>\n<p>[\/vc_column_text][vc_btn title=&#8221;Ver&#8221; style=&#8221;gradient&#8221; align=&#8221;center&#8221; link=&#8221;url:http%3A%2F%2Fwww.veranos.ugto.mx%2Fwp-content%2Fuploads%2F2023%2F09%2FArti%CC%81culo-7-de-8_Alma_Hortensia_Serafin_Mun%CC%83oz.docx|||&#8221;][\/vc_column][vc_column width=&#8221;1\/5&#8243;][vc_single_image image=&#8221;3832&#8243; img_size=&#8221;full&#8221; alignment=&#8221;center&#8221; label=&#8221;&#8221;][vc_column_text]<\/p>\n<p class=\"Ttuloprincipal\" style=\"text-align: center;\"><strong><span lang=\"ES\">Dise\u00f1o de filtro para el tratamiento de agua de lluvia para uso dom\u00e9stico.<\/span><\/strong><\/p>\n<p>[\/vc_column_text][vc_btn title=&#8221;Ver&#8221; style=&#8221;gradient&#8221; align=&#8221;center&#8221; link=&#8221;url:http%3A%2F%2Fwww.veranos.ugto.mx%2Fwp-content%2Fuploads%2F2023%2F09%2FArticulo-Alvarez_Guzman_Gilberto.docx|||&#8221;][\/vc_column][vc_column width=&#8221;1\/5&#8243;][vc_single_image image=&#8221;3832&#8243; img_size=&#8221;full&#8221; alignment=&#8221;center&#8221; label=&#8221;&#8221;][vc_column_text]<\/p>\n<p class=\"p1\" style=\"text-align: center;\"><b>Efectividad de los agentes f\u00edsicos en el tratamiento del dolor en tendinopat\u00eda del manguito rotador: Una revisi\u00f3n sistem\u00e1tica<\/b><\/p>\n<p>[\/vc_column_text][vc_btn title=&#8221;Ver&#8221; style=&#8221;gradient&#8221; align=&#8221;center&#8221; link=&#8221;url:http%3A%2F%2Fwww.veranos.ugto.mx%2Fwp-content%2Fuploads%2F2023%2F09%2FArti%CC%81culo-Flor_Soli%CC%81s_Va%CC%81zquez.docx|||&#8221;][\/vc_column][vc_column width=&#8221;1\/5&#8243;][vc_single_image image=&#8221;3832&#8243; img_size=&#8221;full&#8221; alignment=&#8221;center&#8221; label=&#8221;&#8221;][vc_column_text]<\/p>\n<p class=\"p1\" style=\"text-align: center;\"><b>Uso de baculovirus como agentes de control biol\u00f3gico en cultivos de br\u00f3coli y ma\u00edz<\/b><\/p>\n<p>[\/vc_column_text][vc_btn title=&#8221;Ver&#8221; style=&#8221;gradient&#8221; align=&#8221;center&#8221; link=&#8221;url:http%3A%2F%2Fwww.veranos.ugto.mx%2Fwp-content%2Fuploads%2F2023%2F09%2FArticulo-Ma.-Cristina-Del-Rinco%CC%81n-Castro.docx|||&#8221;][\/vc_column][\/vc_row][vc_row][vc_column width=&#8221;1\/5&#8243;][vc_single_image image=&#8221;3832&#8243; img_size=&#8221;full&#8221; alignment=&#8221;center&#8221; label=&#8221;&#8221;][vc_column_text]<\/p>\n<p style=\"text-align: center;\"><strong>Validaci\u00f3n de un instrumento para evaluar la cultura del agua<\/strong><\/p>\n<p>[\/vc_column_text][vc_btn title=&#8221;Ver&#8221; style=&#8221;gradient&#8221; align=&#8221;center&#8221; link=&#8221;url:http%3A%2F%2Fwww.veranos.ugto.mx%2Fwp-content%2Fuploads%2F2023%2F09%2FArti%CC%81culo-Mari%CC%81a_del_Carmen_Moreno_Fri%CC%81as.docx|||&#8221;][\/vc_column][vc_column width=&#8221;1\/5&#8243;][vc_single_image image=&#8221;3832&#8243; img_size=&#8221;full&#8221; alignment=&#8221;center&#8221; label=&#8221;&#8221;][vc_column_text]<\/p>\n<p class=\"p1\" style=\"text-align: center;\"><b>Evaluaci\u00f3n de la presencia de metales pesados en los sedimentos del r\u00edo de Cata<\/b><\/p>\n<p>[\/vc_column_text][vc_btn title=&#8221;Ver&#8221; style=&#8221;gradient&#8221; align=&#8221;center&#8221; link=&#8221;url:http%3A%2F%2Fwww.veranos.ugto.mx%2Fwp-content%2Fuploads%2F2023%2F09%2FArti%CC%81culo-Sedimentos_Berenice_Noriega_Luna.docx|||&#8221;][\/vc_column][vc_column width=&#8221;1\/5&#8243;][vc_single_image image=&#8221;3832&#8243; img_size=&#8221;full&#8221; alignment=&#8221;center&#8221; label=&#8221;&#8221;][vc_column_text]<\/p>\n<p class=\"p1\" style=\"text-align: center;\"><b>Los v\u00ednculos de confianza online entre influencers virtuales y los seguidores<span class=\"Apple-converted-space\">\u00a0<\/span><\/b><\/p>\n<p>[\/vc_column_text][vc_btn title=&#8221;Ver&#8221; style=&#8221;gradient&#8221; align=&#8221;center&#8221; link=&#8221;url:http%3A%2F%2Fwww.veranos.ugto.mx%2Fwp-content%2Fuploads%2F2023%2F09%2FArti%CC%81culo-Mo%CC%81nica_Pe%CC%81rez_Sa%CC%81nchez82.pdf|||&#8221;][\/vc_column][vc_column width=&#8221;1\/5&#8243;][vc_single_image image=&#8221;3832&#8243; img_size=&#8221;full&#8221; alignment=&#8221;center&#8221; label=&#8221;&#8221;][vc_column_text]<\/p>\n<p class=\"p1\" style=\"text-align: center;\"><b>Validaci\u00f3n de m\u00e9todos de localizaci\u00f3n de fugas en redes de agua potable<\/b><\/p>\n<p>[\/vc_column_text][vc_btn title=&#8221;Ver&#8221; style=&#8221;gradient&#8221; align=&#8221;center&#8221; link=&#8221;url:http%3A%2F%2Fwww.veranos.ugto.mx%2Fwp-content%2Fuploads%2F2023%2F09%2FArti%CC%81culo_-Xitlali_Delgado_Galva%CC%81n.docx|||&#8221;][\/vc_column][vc_column width=&#8221;1\/5&#8243;][vc_single_image image=&#8221;3832&#8243; img_size=&#8221;full&#8221; alignment=&#8221;center&#8221; label=&#8221;&#8221;][vc_column_text]<\/p>\n<p class=\"p1\" style=\"text-align: center;\"><b>Diagnosis in Psychopathology: proposal of a dimensional model using Bayes\u2019 theorem and <\/b><b>Set Theory<span class=\"Apple-converted-space\">\u00a0<\/span><\/b><\/p>\n<p>[\/vc_column_text][vc_btn title=&#8221;Ver&#8221; style=&#8221;gradient&#8221; align=&#8221;center&#8221; link=&#8221;url:http%3A%2F%2Fwww.veranos.ugto.mx%2Fwp-content%2Fuploads%2F2023%2F09%2FArti%CC%81culo_Alfredo-Rami%CC%81rez-Ri%CC%81os_Wendy-Va%CC%81zquez-Infante.pdf|||&#8221;][\/vc_column][\/vc_row][\/vc_section]<\/p>\n","protected":false},"excerpt":{"rendered":"<p>[vc_section][vc_row][vc_column width=&#8221;1\/5&#8243;][vc_single_image image=&#8221;3832&#8243; img_size=&#8221;full&#8221; alignment=&#8221;center&#8221; label=&#8221;&#8221;][vc_column_text] Evaluaci\u00f3n de tratamientos hidrotermales sobre biomasa de tallo de br\u00f3coli para la obtenci\u00f3n de az\u00facares fermentables: una estrategia para incentivar la econom\u00eda circular. [\/vc_column_text][vc_btn title=&#8221;Ver&#8221; style=&#8221;gradient&#8221; align=&#8221;center&#8221; link=&#8221;url:http%3A%2F%2Fwww.veranos.ugto.mx%2Fwp-content%2Fuploads%2F2023%2F09%2FArti%CC%81culo-1-Verano-2023-def.docx|||&#8221;][\/vc_column][vc_column width=&#8221;1\/5&#8243;][vc_single_image image=&#8221;3832&#8243; img_size=&#8221;full&#8221; alignment=&#8221;center&#8221; label=&#8221;&#8221;][vc_column_text] Taller de gesti\u00f3n de residuos s\u00f3lidos urbanos [\/vc_column_text][vc_btn title=&#8221;Ver&#8221; style=&#8221;gradient&#8221; align=&#8221;center&#8221; link=&#8221;url:http%3A%2F%2Fwww.veranos.ugto.mx%2Fwp-content%2Fuploads%2F2023%2F09%2FArti%CC%81culo-7-de-8_Alma_Hortensia_Serafin_Mun%CC%83oz.docx|||&#8221;][\/vc_column][vc_column width=&#8221;1\/5&#8243;][vc_single_image image=&#8221;3832&#8243; img_size=&#8221;full&#8221; alignment=&#8221;center&#8221; [&hellip;]<\/p>\n","protected":false},"author":1,"featured_media":0,"parent":0,"menu_order":0,"comment_status":"closed","ping_status":"closed","template":"","meta":{"footnotes":""},"_links":{"self":[{"href":"http:\/\/veranos.ugto.mx\/index.php?rest_route=\/wp\/v2\/pages\/3660"}],"collection":[{"href":"http:\/\/veranos.ugto.mx\/index.php?rest_route=\/wp\/v2\/pages"}],"about":[{"href":"http:\/\/veranos.ugto.mx\/index.php?rest_route=\/wp\/v2\/types\/page"}],"author":[{"embeddable":true,"href":"http:\/\/veranos.ugto.mx\/index.php?rest_route=\/wp\/v2\/users\/1"}],"replies":[{"embeddable":true,"href":"http:\/\/veranos.ugto.mx\/index.php?rest_route=%2Fwp%2Fv2%2Fcomments&post=3660"}],"version-history":[{"count":4,"href":"http:\/\/veranos.ugto.mx\/index.php?rest_route=\/wp\/v2\/pages\/3660\/revisions"}],"predecessor-version":[{"id":3850,"href":"http:\/\/veranos.ugto.mx\/index.php?rest_route=\/wp\/v2\/pages\/3660\/revisions\/3850"}],"wp:attachment":[{"href":"http:\/\/veranos.ugto.mx\/index.php?rest_route=%2Fwp%2Fv2%2Fmedia&parent=3660"}],"curies":[{"name":"wp","href":"https:\/\/api.w.org\/{rel}","templated":true}]}}