{"id":3690,"date":"2023-08-22T17:19:30","date_gmt":"2023-08-22T17:19:30","guid":{"rendered":"http:\/\/www.veranos.ugto.mx\/?page_id=3690"},"modified":"2023-08-22T18:29:37","modified_gmt":"2023-08-22T18:29:37","slug":"cartel-2023","status":"publish","type":"page","link":"http:\/\/veranos.ugto.mx\/?page_id=3690","title":{"rendered":"Cartel 2023"},"content":{"rendered":"<p>[vc_section][vc_row][vc_column width=&#8221;1\/4&#8243;][vc_single_image image=&#8221;3683&#8243; img_size=&#8221;full&#8221;][vc_column_text]<\/p>\n<p class=\"p1\" style=\"text-align: center;\"><strong>Reacciones de polimerizaci\u00f3n de la \u03b4-valerolactona (\u03b4-VL) con \u00e1cidos carbox\u00edlicos como organocatalizadores: Un estudio sistem\u00e1tico.<span class=\"Apple-converted-space\">\u00a0<\/span><\/strong><\/p>\n<p style=\"text-align: center;\"><strong>Jos\u00e9 Eduardo Baez Garc\u00eda y Daniela Hern\u00e1ndez Ponce de Le\u00f3n<\/strong><\/p>\n<p>[\/vc_column_text][vc_btn title=&#8221;Descarga&#8221; shape=&#8221;rounded&#8221; align=&#8221;center&#8221; link=&#8221;url:http%3A%2F%2Fwww.veranos.ugto.mx%2Fwp-content%2Fuploads%2F2023%2F08%2FCartel-1-Jose-Eduardo-Baez-Garcia-y-Daniela-Hernandez-Ponce-de-Leon.pdf|||&#8221;][\/vc_column][vc_column width=&#8221;1\/4&#8243;][vc_single_image image=&#8221;3683&#8243; img_size=&#8221;full&#8221;][vc_column_text]<\/p>\n<p class=\"Ttuloprincipal\" style=\"text-align: center;\"><strong><span lang=\"ES\">La liga del patrimonio visitando los pueblos m\u00e1gicos del Estado de Guanajuato<\/span><\/strong><\/p>\n<p style=\"text-align: center;\"><strong>Carlota Laura Meneses Sa\u0301nchez &#8211; Cristina Aguilar Luna<\/strong><\/p>\n<p>[\/vc_column_text][vc_btn title=&#8221;Descarga Cartel 01&#8243; shape=&#8221;rounded&#8221; align=&#8221;center&#8221; link=&#8221;url:http%3A%2F%2Fwww.veranos.ugto.mx%2Fwp-content%2Fuploads%2F2023%2F08%2FCartel-1_Carlota_Laura_Meneses_Sa%CC%81nchez_Cristina_Aguilar_Luna.pdf|||&#8221;][vc_btn title=&#8221;Descarga Cartel 02&#8243; shape=&#8221;rounded&#8221; align=&#8221;center&#8221; link=&#8221;url:http%3A%2F%2Fwww.veranos.ugto.mx%2Fwp-content%2Fuploads%2F2023%2F08%2FCartel-2_Carlota_Laura_Meneses_Sa%CC%81nchez_Cristina_Aguilar_Luna.pdf|||&#8221;][vc_btn title=&#8221;Descarga Cartel 03&#8243; shape=&#8221;rounded&#8221; align=&#8221;center&#8221; link=&#8221;url:http%3A%2F%2Fwww.veranos.ugto.mx%2Fwp-content%2Fuploads%2F2023%2F08%2FCartel-3_Carlota_Laura_Meneses_Sa%CC%81nchez_Cristina_Aguilar_Luna.pdf|||&#8221;][vc_btn title=&#8221;Descarga Cartel 04&#8243; shape=&#8221;rounded&#8221; align=&#8221;center&#8221; link=&#8221;url:http%3A%2F%2Fwww.veranos.ugto.mx%2Fwp-content%2Fuploads%2F2023%2F08%2FCartel-4_Carlota_Laura_Meneses_Sa%CC%81nchez_Cristina_Aguilar_Luna-1.pdf|||&#8221;][vc_btn title=&#8221;Descarga Cartel 05&#8243; shape=&#8221;rounded&#8221; align=&#8221;center&#8221; link=&#8221;url:http%3A%2F%2Fwww.veranos.ugto.mx%2Fwp-content%2Fuploads%2F2023%2F08%2FCartel-5_Carlota_Laura_Meneses_Sa%CC%81nchez_Cristina_Aguilar_Luna.pdf|||&#8221;][vc_btn title=&#8221;Descarga Cartel 06&#8243; shape=&#8221;rounded&#8221; align=&#8221;center&#8221; link=&#8221;url:http%3A%2F%2Fwww.veranos.ugto.mx%2Fwp-content%2Fuploads%2F2023%2F08%2FCartel-6_Carlota_Laura_Meneses_Sa%CC%81nchez_Cristina_Aguilar_Luna.pdf|||&#8221;][\/vc_column][vc_column width=&#8221;1\/4&#8243;][vc_single_image image=&#8221;3683&#8243; img_size=&#8221;full&#8221;][vc_column_text]<\/p>\n<div class=\"page\" title=\"Page 1\">\n<div class=\"layoutArea\">\n<div class=\"column\">\n<p class=\"p1\" style=\"text-align: center;\"><strong>Reacciones de polimerizaci\u00f3n en la s\u00edntesis de poli-\u03c9-pentadecanolactona utilizando derivados de \u00e1cidos carbox\u00edlicos como organocatalizadores<span class=\"Apple-converted-space\">\u00a0<\/span><\/strong><\/p>\n<\/div>\n<\/div>\n<\/div>\n<p style=\"text-align: center;\">\n<p style=\"text-align: center;\"><strong>Jos\u00e9 Eduardo Baez Garc\u00eda y Emmanuel Mart\u00ednez Rodr\u00edguez<\/strong><\/p>\n<p>[\/vc_column_text][vc_btn title=&#8221;Descarga&#8221; shape=&#8221;rounded&#8221; align=&#8221;center&#8221; link=&#8221;url:http%3A%2F%2Fwww.veranos.ugto.mx%2Fwp-content%2Fuploads%2F2023%2F08%2FCartel-2-Jose-Eduardo-Baez-Garcia-y-Emmanuel-Martinez-Rodriguez.pdf|||&#8221;][\/vc_column][vc_column width=&#8221;1\/4&#8243;][vc_single_image image=&#8221;3683&#8243; img_size=&#8221;full&#8221;][vc_column_text]<\/p>\n<p class=\"p1\" style=\"text-align: center;\"><b>S\u00edntesis de poli(\u03b5-caprolactona) usando derivados de \u00e1cidos carbox\u00edlicos como organocatalizadores<span class=\"Apple-converted-space\">\u00a0<\/span><\/b><\/p>\n<p style=\"text-align: center;\"><strong>Jos\u00e9 Eduardo Baez Garc\u00eda y Itzel Nohem\u00ed Guti\u00e9rrez Barroso<\/strong><\/p>\n<p>[\/vc_column_text][vc_btn title=&#8221;Descarga&#8221; shape=&#8221;rounded&#8221; align=&#8221;center&#8221; link=&#8221;url:http%3A%2F%2Fwww.veranos.ugto.mx%2Fwp-content%2Fuploads%2F2023%2F08%2FCartel-3-Jose-Eduardo-Baez-Garcia-y-Itzel-Nohemi-Gutierrez-Barroso.pdf|||&#8221;][\/vc_column][\/vc_row][\/vc_section][vc_section][vc_row][vc_column width=&#8221;1\/4&#8243;][vc_single_image image=&#8221;3683&#8243; img_size=&#8221;full&#8221;][vc_column_text]<\/p>\n<p class=\"p1\" style=\"text-align: center;\"><b>Derivados de \u00e1cidos carbox\u00edlicos como organocatalizadores en la copolimerizaci\u00f3n aleatoria de \u03b5-caprolactona y L-lactida<span class=\"Apple-converted-space\">\u00a0<\/span><\/b><\/p>\n<p style=\"text-align: center;\"><strong>Jos\u00e9 Eduardo Baez Garc\u00eda y Jos\u00e9 Eduardo Cano Guerrero<\/strong><\/p>\n<p>[\/vc_column_text][vc_btn title=&#8221;Descarga&#8221; shape=&#8221;rounded&#8221; align=&#8221;center&#8221; link=&#8221;url:http%3A%2F%2Fwww.veranos.ugto.mx%2Fwp-content%2Fuploads%2F2023%2F08%2FCartel-4-Jose-Eduardo-Baez-Garcia-y-Jose-Eduardo-Cano-Guerrero.pdf|||&#8221;][\/vc_column][vc_column width=&#8221;1\/4&#8243;][vc_single_image image=&#8221;3683&#8243; img_size=&#8221;full&#8221;][vc_column_text]<\/p>\n<p class=\"p1\" style=\"text-align: center;\"><strong>Reacci\u00f3n de polimerizaci\u00f3n de la L-Lacticida con \u00e1cidos carbox\u00edlicos como organocatalizadores<\/strong><span class=\"Apple-converted-space\">\u00a0<\/span><\/p>\n<p style=\"text-align: center;\"><strong>Jos\u00e9 Eduardo Baez Garc\u00eda &#8211; Leslie Reyes Apolinar<\/strong><\/p>\n<p>[\/vc_column_text][vc_btn title=&#8221;Descarga&#8221; shape=&#8221;rounded&#8221; align=&#8221;center&#8221; link=&#8221;url:http%3A%2F%2Fwww.veranos.ugto.mx%2Fwp-content%2Fuploads%2F2023%2F08%2FCartel-5-Jose-Eduardo-Baez-Garcia-y-Leslie-Rayas-Apolinar.pdf|||&#8221;][\/vc_column][vc_column width=&#8221;1\/4&#8243;][vc_single_image image=&#8221;3683&#8243; img_size=&#8221;full&#8221;][vc_column_text]<\/p>\n<div class=\"page\" title=\"Page 1\">\n<div class=\"layoutArea\">\n<div class=\"column\">\n<p class=\"p1\" style=\"text-align: center;\"><strong><span class=\"Apple-converted-space\">\u00a0<\/span>Actitudes de la comunidad universitaria del Campus Le\u00f3n, hacia la lactancia materna en p\u00fablico<\/strong><\/p>\n<p>&nbsp;<\/p>\n<\/div>\n<\/div>\n<\/div>\n<p style=\"text-align: center;\"><strong>Mar\u00eda del Pilar Fern\u00e1ndez<\/strong><\/p>\n<p>[\/vc_column_text][vc_btn title=&#8221;Descarga&#8221; shape=&#8221;rounded&#8221; align=&#8221;center&#8221; link=&#8221;url:http%3A%2F%2Fwww.veranos.ugto.mx%2Fwp-content%2Fuploads%2F2023%2F08%2FCartel-Actitudes-Lactancia-Materna-en-pu%CC%81blico.pdf|||&#8221;][\/vc_column][vc_column width=&#8221;1\/4&#8243;][vc_single_image image=&#8221;3683&#8243; img_size=&#8221;full&#8221;][vc_column_text]<\/p>\n<div class=\"page\" title=\"Page 1\">\n<div class=\"layoutArea\">\n<div class=\"column\">\n<p class=\"p1\" style=\"text-align: center;\"><b>Efecto fenol\u00f3gico en plantas de <i>Solanum lycopersicum <\/i>por la<span class=\"Apple-converted-space\"> \u00a0<\/span><\/b><b>aplicaci\u00f3n de nanopart\u00edculas de quitosano<span class=\"Apple-converted-space\">\u00a0<\/span><\/b><\/p>\n<p>&nbsp;<\/p>\n<\/div>\n<\/div>\n<\/div>\n<p style=\"text-align: center;\"><strong>Laura Mej\u00eda Teniente<\/strong><\/p>\n<p>[\/vc_column_text][vc_btn title=&#8221;Descarga&#8221; shape=&#8221;rounded&#8221; align=&#8221;center&#8221; link=&#8221;url:http%3A%2F%2Fwww.veranos.ugto.mx%2Fwp-content%2Fuploads%2F2023%2F08%2FCartel-cienti%CC%81fico-Solanum-lycopersicum_XVIII-Verano-UG.pdf|||&#8221;][\/vc_column][\/vc_row][\/vc_section][vc_section][\/vc_section][vc_row][vc_column][\/vc_column][\/vc_row]<\/p>\n","protected":false},"excerpt":{"rendered":"<p>[vc_section][vc_row][vc_column width=&#8221;1\/4&#8243;][vc_single_image image=&#8221;3683&#8243; img_size=&#8221;full&#8221;][vc_column_text] Reacciones de polimerizaci\u00f3n de la \u03b4-valerolactona (\u03b4-VL) con \u00e1cidos carbox\u00edlicos como organocatalizadores: Un estudio sistem\u00e1tico.\u00a0 Jos\u00e9 Eduardo Baez Garc\u00eda y Daniela Hern\u00e1ndez Ponce de Le\u00f3n [\/vc_column_text][vc_btn title=&#8221;Descarga&#8221; shape=&#8221;rounded&#8221; align=&#8221;center&#8221; link=&#8221;url:http%3A%2F%2Fwww.veranos.ugto.mx%2Fwp-content%2Fuploads%2F2023%2F08%2FCartel-1-Jose-Eduardo-Baez-Garcia-y-Daniela-Hernandez-Ponce-de-Leon.pdf|||&#8221;][\/vc_column][vc_column width=&#8221;1\/4&#8243;][vc_single_image image=&#8221;3683&#8243; img_size=&#8221;full&#8221;][vc_column_text] La liga del patrimonio visitando los pueblos m\u00e1gicos del Estado de Guanajuato Carlota Laura Meneses Sa\u0301nchez &#8211; Cristina [&hellip;]<\/p>\n","protected":false},"author":1,"featured_media":0,"parent":0,"menu_order":0,"comment_status":"closed","ping_status":"closed","template":"","meta":{"footnotes":""},"_links":{"self":[{"href":"http:\/\/veranos.ugto.mx\/index.php?rest_route=\/wp\/v2\/pages\/3690"}],"collection":[{"href":"http:\/\/veranos.ugto.mx\/index.php?rest_route=\/wp\/v2\/pages"}],"about":[{"href":"http:\/\/veranos.ugto.mx\/index.php?rest_route=\/wp\/v2\/types\/page"}],"author":[{"embeddable":true,"href":"http:\/\/veranos.ugto.mx\/index.php?rest_route=\/wp\/v2\/users\/1"}],"replies":[{"embeddable":true,"href":"http:\/\/veranos.ugto.mx\/index.php?rest_route=%2Fwp%2Fv2%2Fcomments&post=3690"}],"version-history":[{"count":19,"href":"http:\/\/veranos.ugto.mx\/index.php?rest_route=\/wp\/v2\/pages\/3690\/revisions"}],"predecessor-version":[{"id":3734,"href":"http:\/\/veranos.ugto.mx\/index.php?rest_route=\/wp\/v2\/pages\/3690\/revisions\/3734"}],"wp:attachment":[{"href":"http:\/\/veranos.ugto.mx\/index.php?rest_route=%2Fwp%2Fv2%2Fmedia&parent=3690"}],"curies":[{"name":"wp","href":"https:\/\/api.w.org\/{rel}","templated":true}]}}