{"id":3691,"date":"2023-08-22T17:19:30","date_gmt":"2023-08-22T17:19:30","guid":{"rendered":"http:\/\/www.veranos.ugto.mx\/?page_id=3691"},"modified":"2023-09-04T02:49:46","modified_gmt":"2023-09-04T02:49:46","slug":"infografia-2023","status":"publish","type":"page","link":"http:\/\/veranos.ugto.mx\/?page_id=3691","title":{"rendered":"Infograf\u00eda 2023"},"content":{"rendered":"<p>[vc_row][vc_column width=&#8221;1\/4&#8243;][vc_single_image image=&#8221;3737&#8243; img_size=&#8221;full&#8221; alignment=&#8221;right&#8221; onclick=&#8221;custom_link&#8221; img_link_target=&#8221;_blank&#8221; link=&#8221;http:\/\/www.veranos.ugto.mx\/wp-content\/uploads\/2023\/09\/Infografia-1-Luis-Felipe-Padilla-Vaca.pdf&#8221;][vc_column_text]<\/p>\n<p style=\"text-align: center;\"><strong>Protozoarios Par\u00e1sitos <\/strong><\/p>\n<p style=\"text-align: center;\"><strong>Luis Felipe Padilla Vaca<\/strong><\/p>\n<p style=\"text-align: center;\">Dar clic en la imagen<\/p>\n<p>[\/vc_column_text][\/vc_column][vc_column width=&#8221;1\/4&#8243;][vc_single_image image=&#8221;3737&#8243; img_size=&#8221;full&#8221; alignment=&#8221;right&#8221; onclick=&#8221;custom_link&#8221; img_link_target=&#8221;_blank&#8221; link=&#8221;http:\/\/www.veranos.ugto.mx\/wp-content\/uploads\/2023\/09\/Infografi\u0301a-1_-Juan-Pablo-Huchin-Mian.pdf&#8221;][vc_column_text]<\/p>\n<p style=\"text-align: center;\"><strong>\u00bfQu\u00e9 son las \u00e1reas de crianza? <\/strong><\/p>\n<p style=\"text-align: center;\"><strong>Juan Pablo Huchin Mian<\/strong><\/p>\n<p style=\"text-align: center;\">Dar clic en la imagen<\/p>\n<p>[\/vc_column_text][\/vc_column][vc_column width=&#8221;1\/4&#8243;][vc_single_image image=&#8221;3737&#8243; img_size=&#8221;full&#8221; alignment=&#8221;right&#8221; onclick=&#8221;custom_link&#8221; img_link_target=&#8221;_blank&#8221; link=&#8221;http:\/\/www.veranos.ugto.mx\/wp-content\/uploads\/2023\/09\/Infografi\u0301a-1_Caracteri\u0301stica-de-los-hablantes-de-herencia_Alma-Laura-Montes-Herna\u0301ndez.pdf&#8221;][vc_column_text]<\/p>\n<p style=\"text-align: center;\"><strong>Caracteri\u0301stica de los hablantes de herencia\u00a0<\/strong><\/p>\n<p style=\"text-align: center;\"><strong>Alma Laura Montes Herna\u0301ndez<\/strong><\/p>\n<p style=\"text-align: center;\">Dar clic en la imagen<\/p>\n<p>[\/vc_column_text][\/vc_column][vc_column width=&#8221;1\/4&#8243;][vc_single_image image=&#8221;3737&#8243; img_size=&#8221;full&#8221; alignment=&#8221;right&#8221; onclick=&#8221;custom_link&#8221; img_link_target=&#8221;_blank&#8221; link=&#8221;http:\/\/www.veranos.ugto.mx\/wp-content\/uploads\/2023\/09\/Infografi\u0301a-1_Elizabeth_Sa\u0301nchez_Duarte.pdf&#8221;][vc_column_text]<\/p>\n<p style=\"text-align: center;\"><strong>La temible obesidad sarcop\u00e9nica\u00a0<\/strong><\/p>\n<p style=\"text-align: center;\"><strong>Elizabeth Sa\u0301nchez Duarte<\/strong><\/p>\n<p style=\"text-align: center;\">Dar clic en la imagen<\/p>\n<p>[\/vc_column_text][\/vc_column][vc_column][\/vc_column][\/vc_row][vc_row][vc_column width=&#8221;1\/4&#8243;][vc_single_image image=&#8221;3737&#8243; img_size=&#8221;full&#8221; alignment=&#8221;right&#8221; onclick=&#8221;custom_link&#8221; img_link_target=&#8221;_blank&#8221; link=&#8221;http:\/\/www.veranos.ugto.mx\/wp-content\/uploads\/2023\/09\/Infografia-1_Manejo-de-Hongos_Gustavo-Nin\u0303o_Tannia-Razo.pdf&#8221; label=&#8221;&#8221;][vc_column_text]<\/p>\n<p style=\"text-align: center;\"><strong>Manejo de Hongos patog\u00e9nos en Laboratorio<\/strong><\/p>\n<p style=\"text-align: center;\"><strong>Gustavo Nin\u0303o y Tannia Razo<\/strong><\/p>\n<p style=\"text-align: center;\">Dar clic en la imagen<\/p>\n<p>[\/vc_column_text][\/vc_column][vc_column width=&#8221;1\/4&#8243;][vc_single_image image=&#8221;3737&#8243; img_size=&#8221;full&#8221; alignment=&#8221;right&#8221; onclick=&#8221;custom_link&#8221; img_link_target=&#8221;_blank&#8221; link=&#8221;http:\/\/www.veranos.ugto.mx\/wp-content\/uploads\/2023\/09\/Infografi\u0301a-1_Ozuna_Zanor.pdf&#8221; label=&#8221;&#8221;][vc_column_text]<\/p>\n<p style=\"text-align: center;\"><strong>Morfolog\u00eda de la Uva<\/strong><\/p>\n<p style=\"text-align: center;\"><strong>Ozuna Zanor<\/strong><\/p>\n<p style=\"text-align: center;\">Dar clic en la imagen<\/p>\n<p>[\/vc_column_text][\/vc_column][vc_column width=&#8221;1\/4&#8243;][vc_single_image image=&#8221;3737&#8243; img_size=&#8221;full&#8221; alignment=&#8221;right&#8221; onclick=&#8221;custom_link&#8221; img_link_target=&#8221;_blank&#8221; link=&#8221;http:\/\/www.veranos.ugto.mx\/wp-content\/uploads\/2023\/09\/Infografi\u0301a-2-Elizabeth_Sa\u0301nchez_Duarte.pdf&#8221; label=&#8221;&#8221;][vc_column_text]<\/p>\n<p style=\"text-align: center;\"><strong>Implicaci\u00f3n de la funci\u00f3n mitocondrial en la obesidad sarcop\u00e9nica<\/strong><\/p>\n<p style=\"text-align: center;\"><strong>Elizabeth S\u00e1nchez Duarte<\/strong><\/p>\n<p style=\"text-align: center;\">Dar clic en la imagen<\/p>\n<p>[\/vc_column_text][\/vc_column][vc_column width=&#8221;1\/4&#8243;][vc_single_image image=&#8221;3737&#8243; img_size=&#8221;full&#8221; alignment=&#8221;right&#8221; onclick=&#8221;custom_link&#8221; img_link_target=&#8221;_blank&#8221; link=&#8221;http:\/\/www.veranos.ugto.mx\/wp-content\/uploads\/2023\/09\/Infografi\u0301a-2-Israel_Enrique_Padilla_Guerrero.pdf&#8221; label=&#8221;&#8221;][vc_column_text]<\/p>\n<p style=\"text-align: center;\"><strong>Metarhizium\u00a0<\/strong><\/p>\n<p style=\"text-align: center;\"><strong>Israel Enrique Padilla Guerrero<\/strong><\/p>\n<p style=\"text-align: center;\">Dar clic en la imagen<\/p>\n<p>[\/vc_column_text][\/vc_column][vc_column][\/vc_column][\/vc_row][vc_row][vc_column width=&#8221;1\/4&#8243;][vc_single_image image=&#8221;3737&#8243; img_size=&#8221;full&#8221; alignment=&#8221;right&#8221; onclick=&#8221;custom_link&#8221; img_link_target=&#8221;_blank&#8221; label=&#8221;&#8221; link=&#8221;http:\/\/www.veranos.ugto.mx\/wp-content\/uploads\/2023\/09\/Infografi\u0301a-2-Luis-Felipe-Padilla-Vaca.pdf&#8221;][vc_column_text]<\/p>\n<p style=\"text-align: center;\"><strong>Confrontaci\u00f3n par\u00e1sito &#8211; hospedero<\/strong><\/p>\n<p style=\"text-align: center;\"><strong>Luis Felipe Padilla Vaca<\/strong><\/p>\n<p style=\"text-align: center;\">Dar clic en la imagen<\/p>\n<p>[\/vc_column_text][\/vc_column][vc_column width=&#8221;1\/4&#8243;][vc_single_image image=&#8221;3737&#8243; img_size=&#8221;full&#8221; alignment=&#8221;right&#8221; onclick=&#8221;custom_link&#8221; img_link_target=&#8221;_blank&#8221; label=&#8221;&#8221; link=&#8221;http:\/\/www.veranos.ugto.mx\/wp-content\/uploads\/2023\/09\/Infografi\u0301a-2_-Juan-Pablo-Huchin-Mian.pdf&#8221;][vc_column_text]<\/p>\n<p style=\"text-align: center;\"><b>Micropl\u00e1sticos y la salud de las aves<\/b><\/p>\n<p style=\"text-align: center;\"><strong>Juan Pablo Huchin Mian<\/strong><\/p>\n<p style=\"text-align: center;\">Dar clic en la imagen<\/p>\n<p>[\/vc_column_text][\/vc_column][vc_column width=&#8221;1\/4&#8243;][vc_single_image image=&#8221;3737&#8243; img_size=&#8221;full&#8221; alignment=&#8221;right&#8221; onclick=&#8221;custom_link&#8221; img_link_target=&#8221;_blank&#8221; label=&#8221;&#8221; link=&#8221;http:\/\/www.veranos.ugto.mx\/wp-content\/uploads\/2023\/09\/Infografia-2_Ma-Eugenia_Sanchez_Ramos.pdf&#8221;][vc_column_text]<\/p>\n<p style=\"text-align: center;\"><b>Recomendaci\u00f3n de agarre, empuje y arrastre de cargas<\/b><\/p>\n<p style=\"text-align: center;\"><b>Ma. Eugenia S\u00e1nchez Ramos<\/b><\/p>\n<p style=\"text-align: center;\">Dar clic en la imagen<\/p>\n<p>[\/vc_column_text][\/vc_column][vc_column width=&#8221;1\/4&#8243;][vc_single_image image=&#8221;3737&#8243; img_size=&#8221;full&#8221; alignment=&#8221;right&#8221; onclick=&#8221;custom_link&#8221; img_link_target=&#8221;_blank&#8221; label=&#8221;&#8221; link=&#8221;http:\/\/www.veranos.ugto.mx\/wp-content\/uploads\/2023\/09\/Infografia-2_Manejo-de-Sporothrix_Gustavo-Nin\u0303o_Tannia-Razo.pdf&#8221;][vc_column_text]<\/p>\n<p style=\"text-align: center;\"><strong>Manejo de Sporothrix <\/strong><\/p>\n<p style=\"text-align: center;\"><strong>Gustavo Nin\u0303o y Tannia Razo<\/strong><\/p>\n<p style=\"text-align: center;\">Dar clic en la imagen<\/p>\n<p>[\/vc_column_text][\/vc_column][\/vc_row][vc_row][vc_column width=&#8221;1\/4&#8243;][vc_single_image image=&#8221;3737&#8243; img_size=&#8221;full&#8221; alignment=&#8221;right&#8221; onclick=&#8221;custom_link&#8221; img_link_target=&#8221;_blank&#8221; label=&#8221;&#8221; link=&#8221;http:\/\/www.veranos.ugto.mx\/wp-content\/uploads\/2023\/09\/Infografi\u0301a-2_Ozuna_Zanor.pdf&#8221;][vc_column_text]<\/p>\n<p style=\"text-align: center;\"><strong>El vino en Guanajuato<\/strong><\/p>\n<p style=\"text-align: center;\"><strong>Ozuna Zanor<\/strong><\/p>\n<p style=\"text-align: center;\">Dar clic en la imagen<\/p>\n<p>[\/vc_column_text][\/vc_column][vc_column width=&#8221;1\/4&#8243;][vc_single_image image=&#8221;3737&#8243; img_size=&#8221;full&#8221; alignment=&#8221;right&#8221; onclick=&#8221;custom_link&#8221; img_link_target=&#8221;_blank&#8221; label=&#8221;&#8221; link=&#8221;http:\/\/www.veranos.ugto.mx\/wp-content\/uploads\/2023\/09\/Infografi\u0301a-2_Recomendaciones-para-profesores-que-ensen\u0303an-a-hablantes-de-herencia_Alma-Laura-Montes-Herna\u0301ndez.pdf&#8221;][vc_column_text]<\/p>\n<p style=\"text-align: center;\"><strong>Recomendaciones para profesores que ense\u00f1an a hablantes de herencia <\/strong><\/p>\n<p style=\"text-align: center;\"><strong>Alma Laura Montes Herna\u0301ndez<\/strong><\/p>\n<p style=\"text-align: center;\">Dar clic en la imagen<\/p>\n<p>[\/vc_column_text][\/vc_column][vc_column width=&#8221;1\/4&#8243;][vc_single_image image=&#8221;3737&#8243; img_size=&#8221;full&#8221; alignment=&#8221;right&#8221; onclick=&#8221;custom_link&#8221; img_link_target=&#8221;_blank&#8221; label=&#8221;&#8221; link=&#8221;http:\/\/www.veranos.ugto.mx\/wp-content\/uploads\/2023\/09\/Infografi\u0301a-3-Israel_Enrique_Padilla_Guerrero.pdf&#8221;][vc_column_text]<\/p>\n<p style=\"text-align: center;\"><b>Microbichitos biotecnol\u00f3gicos<\/b><\/p>\n<p style=\"text-align: center;\"><strong>Israel Enrique Padilla Guerrero<\/strong><\/p>\n<p style=\"text-align: center;\">Dar clic en la imagen<\/p>\n<p>[\/vc_column_text][\/vc_column][vc_column width=&#8221;1\/4&#8243;][vc_single_image image=&#8221;3737&#8243; img_size=&#8221;full&#8221; alignment=&#8221;right&#8221; onclick=&#8221;custom_link&#8221; img_link_target=&#8221;_blank&#8221; label=&#8221;&#8221; link=&#8221;http:\/\/www.veranos.ugto.mx\/wp-content\/uploads\/2023\/09\/Infografi\u0301a-3-Luis-Felipe-Padilla-Vaca.pdf&#8221;][vc_column_text]<\/p>\n<p style=\"text-align: center;\"><strong>Reparaci\u00f3n del da\u00f1o de la membrana plasm\u00e1tica<\/strong><\/p>\n<p style=\"text-align: center;\"><strong>Luis Felipe Padilla Vaca<\/strong><\/p>\n<p style=\"text-align: center;\">Dar clic en la imagen<\/p>\n<p>[\/vc_column_text][\/vc_column][\/vc_row][vc_row][vc_column width=&#8221;1\/4&#8243;][vc_single_image image=&#8221;3737&#8243; img_size=&#8221;full&#8221; alignment=&#8221;right&#8221; onclick=&#8221;custom_link&#8221; img_link_target=&#8221;_blank&#8221; label=&#8221;&#8221; link=&#8221;http:\/\/www.veranos.ugto.mx\/wp-content\/uploads\/2023\/09\/Infografi\u0301a-3_-Juan-Pablo-Huchin-Mian.pdf&#8221;][vc_column_text]<\/p>\n<p style=\"text-align: center;\"><strong>Micropl\u00e1sticos \u00bfmicroproblemas?<\/strong><\/p>\n<p style=\"text-align: center;\"><strong>Juan Pablo Huchin Mian<\/strong><\/p>\n<p style=\"text-align: center;\">Dar clic en la imagen<\/p>\n<p>[\/vc_column_text][\/vc_column][vc_column width=&#8221;1\/4&#8243;][vc_single_image image=&#8221;3737&#8243; img_size=&#8221;full&#8221; alignment=&#8221;right&#8221; onclick=&#8221;custom_link&#8221; img_link_target=&#8221;_blank&#8221; label=&#8221;&#8221; link=&#8221;http:\/\/www.veranos.ugto.mx\/wp-content\/uploads\/2023\/09\/Infografia-3_Ca\u0301mara-de-Neubauer_Gustavo-Nin\u0303o_Tannia-Razo.pdf&#8221;][vc_column_text]<\/p>\n<p style=\"text-align: center;\"><strong>Ca\u0301mara de Neubauer<\/strong><\/p>\n<p style=\"text-align: center;\"><strong>Gustavo Nin\u0303o y Tannia Razo<\/strong><\/p>\n<p style=\"text-align: center;\">Dar clic en la imagen<\/p>\n<p>[\/vc_column_text][\/vc_column][vc_column width=&#8221;1\/4&#8243;][vc_single_image image=&#8221;3737&#8243; img_size=&#8221;full&#8221; alignment=&#8221;right&#8221; onclick=&#8221;custom_link&#8221; img_link_target=&#8221;_blank&#8221; label=&#8221;&#8221; link=&#8221;http:\/\/www.veranos.ugto.mx\/wp-content\/uploads\/2023\/09\/Infografi\u0301a-3_Ozuna_Zanor.pdf&#8221;][vc_column_text]<\/p>\n<p style=\"text-align: center;\"><b>Terru\u00f1o\u00a0<\/b><\/p>\n<p style=\"text-align: center;\"><strong>Ozuna Zanor<\/strong><\/p>\n<p style=\"text-align: center;\">Dar clic en la imagen<\/p>\n<p>[\/vc_column_text][\/vc_column][vc_column width=&#8221;1\/4&#8243;][vc_single_image image=&#8221;3737&#8243; img_size=&#8221;full&#8221; alignment=&#8221;right&#8221; onclick=&#8221;custom_link&#8221; img_link_target=&#8221;_blank&#8221; label=&#8221;&#8221; link=&#8221;http:\/\/www.veranos.ugto.mx\/wp-content\/uploads\/2023\/09\/Infografi\u0301a-4_-Juan-Pablo-Huchin-Mian.pdf&#8221;][vc_column_text]<\/p>\n<p style=\"text-align: center;\"><strong>Cormor\u00e1n Oliv\u00e1ceo<\/strong><\/p>\n<p style=\"text-align: center;\"><strong>Juan Pablo Huchin Mian<\/strong><\/p>\n<p style=\"text-align: center;\">Dar clic en la imagen<\/p>\n<p>[\/vc_column_text][\/vc_column][\/vc_row][vc_row][vc_column width=&#8221;1\/4&#8243;][vc_single_image image=&#8221;3737&#8243; img_size=&#8221;full&#8221; alignment=&#8221;right&#8221; onclick=&#8221;custom_link&#8221; img_link_target=&#8221;_blank&#8221; label=&#8221;&#8221; link=&#8221;http:\/\/www.veranos.ugto.mx\/wp-content\/uploads\/2023\/09\/1-Info-carreras-feminizadas.pdf&#8221;][vc_column_text]<\/p>\n<p style=\"text-align: center;\"><b>Carreras feminizadas<\/b><\/p>\n<p style=\"text-align: center;\">Dar clic en la imagen<\/p>\n<p>[\/vc_column_text][\/vc_column][vc_column width=&#8221;1\/4&#8243;][vc_single_image image=&#8221;3737&#8243; img_size=&#8221;full&#8221; alignment=&#8221;right&#8221; onclick=&#8221;custom_link&#8221; img_link_target=&#8221;_blank&#8221; label=&#8221;&#8221; link=&#8221;http:\/\/www.veranos.ugto.mx\/wp-content\/uploads\/2023\/09\/2-Info-carreras-masculinizadas.pdf&#8221;][vc_column_text]<\/p>\n<p style=\"text-align: center;\"><b>Carreras masculinizadas<\/b><\/p>\n<p style=\"text-align: center;\">Dar clic en la imagen<\/p>\n<p>[\/vc_column_text][\/vc_column][vc_column width=&#8221;1\/4&#8243;][vc_single_image image=&#8221;3737&#8243; img_size=&#8221;full&#8221; alignment=&#8221;right&#8221; onclick=&#8221;custom_link&#8221; img_link_target=&#8221;_blank&#8221; label=&#8221;&#8221; link=&#8221;http:\/\/www.veranos.ugto.mx\/wp-content\/uploads\/2023\/09\/1790-Infografi\u0301a.pdf&#8221;][vc_column_text]<\/p>\n<p style=\"text-align: center;\"><strong>Evaluaci\u00f3n y an\u00e1lisis del desempe\u00f1o en la optimizaci\u00f3n de procesos de producci\u00f3n <\/strong><\/p>\n<p style=\"text-align: center;\">Dar clic en la imagen<\/p>\n<p>[\/vc_column_text][\/vc_column][vc_column width=&#8221;1\/4&#8243;][vc_single_image image=&#8221;3737&#8243; img_size=&#8221;full&#8221; alignment=&#8221;right&#8221; onclick=&#8221;custom_link&#8221; img_link_target=&#8221;_blank&#8221; label=&#8221;&#8221; link=&#8221;http:\/\/www.veranos.ugto.mx\/wp-content\/uploads\/2023\/09\/Infogra\u0301fia-Residuos-Educ-Ambiental_Alma_Hortensia_Serafin_Mun\u0303oz.pdf&#8221;][vc_column_text]<\/p>\n<p style=\"text-align: center;\"><strong>Separaci\u00f3n de residuos\u00a0<\/strong><\/p>\n<p style=\"text-align: center;\"><strong>Alma Hortensia Serafin Mun\u0303oz<\/strong><\/p>\n<p style=\"text-align: center;\">Dar clic en la imagen<\/p>\n<p>[\/vc_column_text][\/vc_column][\/vc_row][vc_row][vc_column][\/vc_column][\/vc_row]<\/p>\n","protected":false},"excerpt":{"rendered":"<p>[vc_row][vc_column width=&#8221;1\/4&#8243;][vc_single_image image=&#8221;3737&#8243; img_size=&#8221;full&#8221; alignment=&#8221;right&#8221; onclick=&#8221;custom_link&#8221; img_link_target=&#8221;_blank&#8221; link=&#8221;http:\/\/www.veranos.ugto.mx\/wp-content\/uploads\/2023\/09\/Infografia-1-Luis-Felipe-Padilla-Vaca.pdf&#8221;][vc_column_text] Protozoarios Par\u00e1sitos Luis Felipe Padilla Vaca Dar clic en la imagen [\/vc_column_text][\/vc_column][vc_column width=&#8221;1\/4&#8243;][vc_single_image image=&#8221;3737&#8243; img_size=&#8221;full&#8221; alignment=&#8221;right&#8221; onclick=&#8221;custom_link&#8221; img_link_target=&#8221;_blank&#8221; link=&#8221;http:\/\/www.veranos.ugto.mx\/wp-content\/uploads\/2023\/09\/Infografi\u0301a-1_-Juan-Pablo-Huchin-Mian.pdf&#8221;][vc_column_text] \u00bfQu\u00e9 son las \u00e1reas de crianza? Juan Pablo Huchin Mian Dar clic en la imagen [\/vc_column_text][\/vc_column][vc_column width=&#8221;1\/4&#8243;][vc_single_image image=&#8221;3737&#8243; img_size=&#8221;full&#8221; alignment=&#8221;right&#8221; onclick=&#8221;custom_link&#8221; img_link_target=&#8221;_blank&#8221; link=&#8221;http:\/\/www.veranos.ugto.mx\/wp-content\/uploads\/2023\/09\/Infografi\u0301a-1_Caracteri\u0301stica-de-los-hablantes-de-herencia_Alma-Laura-Montes-Herna\u0301ndez.pdf&#8221;][vc_column_text] Caracteri\u0301stica de los hablantes de [&hellip;]<\/p>\n","protected":false},"author":1,"featured_media":0,"parent":0,"menu_order":0,"comment_status":"closed","ping_status":"closed","template":"","meta":{"footnotes":""},"_links":{"self":[{"href":"http:\/\/veranos.ugto.mx\/index.php?rest_route=\/wp\/v2\/pages\/3691"}],"collection":[{"href":"http:\/\/veranos.ugto.mx\/index.php?rest_route=\/wp\/v2\/pages"}],"about":[{"href":"http:\/\/veranos.ugto.mx\/index.php?rest_route=\/wp\/v2\/types\/page"}],"author":[{"embeddable":true,"href":"http:\/\/veranos.ugto.mx\/index.php?rest_route=\/wp\/v2\/users\/1"}],"replies":[{"embeddable":true,"href":"http:\/\/veranos.ugto.mx\/index.php?rest_route=%2Fwp%2Fv2%2Fcomments&post=3691"}],"version-history":[{"count":12,"href":"http:\/\/veranos.ugto.mx\/index.php?rest_route=\/wp\/v2\/pages\/3691\/revisions"}],"predecessor-version":[{"id":3772,"href":"http:\/\/veranos.ugto.mx\/index.php?rest_route=\/wp\/v2\/pages\/3691\/revisions\/3772"}],"wp:attachment":[{"href":"http:\/\/veranos.ugto.mx\/index.php?rest_route=%2Fwp%2Fv2%2Fmedia&parent=3691"}],"curies":[{"name":"wp","href":"https:\/\/api.w.org\/{rel}","templated":true}]}}