{"id":655,"date":"2019-11-25T22:57:15","date_gmt":"2019-11-25T22:57:15","guid":{"rendered":"http:\/\/www.veranos.ugto.mx\/?page_id=655"},"modified":"2019-11-28T18:46:01","modified_gmt":"2019-11-28T18:46:01","slug":"historia-del-verano","status":"publish","type":"page","link":"http:\/\/veranos.ugto.mx\/?page_id=655","title":{"rendered":"Historia del Verano"},"content":{"rendered":"<p>[vc_row][vc_column][vc_empty_space height=&#8221;70px&#8221;][\/vc_column][\/vc_row][vc_row css=&#8221;.vc_custom_1574722195690{padding-right: 10% !important;padding-left: 10% !important;}&#8221;][vc_column width=&#8221;1\/2&#8243;][vc_column_text]<span style=\"font-weight: 400;\">El programa institucional de <strong>Veranos de la Ciencia UG<\/strong> inici\u00f3 en la Universidad de Guanajuato en el a\u00f1o <strong>1994<\/strong>, teniendo como antecedente directo los Veranos de la <strong>Investigaci\u00f3n Cient\u00edfica<\/strong> de la Academia Mexicana de Ciencias, que iniciaron en el a\u00f1o de 1991.<\/span><\/p>\n<p><span style=\"font-weight: 400;\">La <strong>Universidad de Guanajuato<\/strong> fue una de las primeras universidades p\u00fablicas estatales en crear su propio programa de Veranos, con el objetivo de <strong>incentivar las vocaciones cient\u00edficas y promover la participaci\u00f3n de los j\u00f3venes<\/strong> en los programas de posgrado.<\/span><\/p>\n<p><span style=\"font-weight: 400;\">En sus or\u00edgenes, este programa estaba dirigido a estudiantes de licenciatura de la <strong>Universidad de Guanajuato<\/strong>, sin embargo, ha ido ampliando su convocatoria para integrar a estudiantes de otras instituciones de educaci\u00f3n superior nacionales y extranjeras, as\u00ed como creando espacios para estudiantes de nivel medio superior; atendiendo las <strong>nuevas din\u00e1micas educativas<\/strong> del estado y del pa\u00eds.<\/span><\/p>\n<p><span style=\"font-weight: 400;\">Desde su comienzo, el programa institucional de <strong>Veranos de la Investigaci\u00f3n Cient\u00edfica<\/strong> es gestionado por la <strong>Direcci\u00f3n de Apoyo a la Investigaci\u00f3n y al Posgrado<\/strong>, dado que sus objetivos se enmarcan en las funciones de la citada Direcci\u00f3n.<\/span>[\/vc_column_text][\/vc_column][vc_column width=&#8221;1\/2&#8243;]<div class=\"porto-lightbox-container\" data-appear-animation=\"fadeInRight\"><div class=\"lightbox \" data-plugin-options=\"{&quot;delegate&quot;:&quot;a&quot;,&quot;type&quot;:&quot;image&quot;,&quot;gallery&quot;:{&quot;enabled&quot;:true}}\">[vc_single_image image=&#8221;665&#8243; img_size=&#8221;full&#8221; alignment=&#8221;center&#8221; hover_effect=&#8221;yes&#8221;]<\/div><\/div>[\/vc_column][\/vc_row][vc_row css=&#8221;.vc_custom_1574722504201{padding-right: 10% !important;padding-left: 10% !important;background-color: #f4f4f4 !important;}&#8221;][vc_column][vc_empty_space height=&#8221;70px&#8221;][\/vc_column][vc_column css_animation=&#8221;fadeInLeft&#8221; width=&#8221;1\/2&#8243;][vc_column_text css_animation=&#8221;fadeInLeft&#8221;]<\/p>\n<h2><b>Misi\u00f3n<\/b><\/h2>\n<p><span style=\"font-weight: 400;\">El Veranos de la Ciencia UG actualiz\u00f3 su estructura en funci\u00f3n de la nueva normativa y en cumplimiento del modelo educativo universitario, recuperando su misi\u00f3n original como un programa enfocado en los estudiantes para cultivar las vocaciones cient\u00edfica y motivar los estudios de posgrado; a\u00f1adiendo la generaci\u00f3n de conocimiento acerca del ser humano y su entorno natural y cultural a trav\u00e9s del desarrollo de proyectos, promoviendo el trabajo colaborativo en un ambiente de creatividad y de reconocimiento de la diversidad de las formaciones acad\u00e9micas de los participantes.\u00a0<\/span>[\/vc_column_text][\/vc_column][vc_column css_animation=&#8221;fadeInRight&#8221; width=&#8221;1\/2&#8243;][vc_column_text css_animation=&#8221;fadeInRight&#8221;]<\/p>\n<h2><b>Objetivo<\/b><\/h2>\n<p><span style=\"font-weight: 400;\">La generaci\u00f3n de proyectos cient\u00edficos integrales que contemplen productos de investigaci\u00f3n cient\u00edfica, human\u00edstica y tecnol\u00f3gica y desarrollen productos en los \u00e1mbitos de la educaci\u00f3n, la divulgaci\u00f3n y comunicaci\u00f3n del conocimiento, el emprendimiento, entre otros. El proyecto debe ser desarrollado por un equipo miltidisciplinario de entre 3 y 6 estudiantes. <\/span>[\/vc_column_text][\/vc_column][vc_column][vc_empty_space height=&#8221;40px&#8221;][\/vc_column][\/vc_row]<\/p>\n","protected":false},"excerpt":{"rendered":"<p>[vc_row][vc_column][vc_empty_space height=&#8221;70px&#8221;][\/vc_column][\/vc_row][vc_row css=&#8221;.vc_custom_1574722195690{padding-right: 10% !important;padding-left: 10% !important;}&#8221;][vc_column width=&#8221;1\/2&#8243;][vc_column_text]El programa institucional de Veranos de la Ciencia UG inici\u00f3 en la Universidad de Guanajuato en el a\u00f1o 1994, teniendo como antecedente directo los Veranos de la Investigaci\u00f3n Cient\u00edfica de la Academia Mexicana de Ciencias, que iniciaron en el a\u00f1o de 1991. La Universidad de Guanajuato fue una [&hellip;]<\/p>\n","protected":false},"author":1,"featured_media":0,"parent":0,"menu_order":0,"comment_status":"closed","ping_status":"closed","template":"","meta":{"footnotes":""},"_links":{"self":[{"href":"http:\/\/veranos.ugto.mx\/index.php?rest_route=\/wp\/v2\/pages\/655"}],"collection":[{"href":"http:\/\/veranos.ugto.mx\/index.php?rest_route=\/wp\/v2\/pages"}],"about":[{"href":"http:\/\/veranos.ugto.mx\/index.php?rest_route=\/wp\/v2\/types\/page"}],"author":[{"embeddable":true,"href":"http:\/\/veranos.ugto.mx\/index.php?rest_route=\/wp\/v2\/users\/1"}],"replies":[{"embeddable":true,"href":"http:\/\/veranos.ugto.mx\/index.php?rest_route=%2Fwp%2Fv2%2Fcomments&post=655"}],"version-history":[{"count":0,"href":"http:\/\/veranos.ugto.mx\/index.php?rest_route=\/wp\/v2\/pages\/655\/revisions"}],"wp:attachment":[{"href":"http:\/\/veranos.ugto.mx\/index.php?rest_route=%2Fwp%2Fv2%2Fmedia&parent=655"}],"curies":[{"name":"wp","href":"https:\/\/api.w.org\/{rel}","templated":true}]}}